{"id":94,"date":"2021-03-29T08:27:21","date_gmt":"2021-03-29T08:27:21","guid":{"rendered":"https:\/\/epcnyomda.hu\/?page_id=94"},"modified":"2021-03-29T08:30:05","modified_gmt":"2021-03-29T08:30:05","slug":"hirlevel-feliratkozas","status":"publish","type":"page","link":"https:\/\/epcnyomda.hu\/en\/hirlevel-feliratkozas\/","title":{"rendered":"H\u00edrlev\u00e9l feliratkoz\u00e1s"},"content":{"rendered":"<p>[et_pb_section fb_built=&#8221;1&#8243; fullwidth=&#8221;on&#8221; _builder_version=&#8221;4.9.2&#8243; _module_preset=&#8221;default&#8221;][et_pb_fullwidth_header title=&#8221;H\u00edrlev\u00e9l feliratkoz\u00e1s&#8221; _builder_version=&#8221;4.9.2&#8243; _module_preset=&#8221;default&#8221; background_color=&#8221;#c1171c&#8221;][\/et_pb_fullwidth_header][\/et_pb_section][et_pb_section fb_built=&#8221;1&#8243; _builder_version=&#8221;4.9.2&#8243; _module_preset=&#8221;default&#8221;][et_pb_row _builder_version=&#8221;4.9.2&#8243; _module_preset=&#8221;default&#8221; hover_enabled=&#8221;0&#8243; sticky_enabled=&#8221;0&#8243;][et_pb_column type=&#8221;4_4&#8243; _builder_version=&#8221;4.9.2&#8243; _module_preset=&#8221;default&#8221;][et_pb_text _builder_version=&#8221;4.9.2&#8243; _module_preset=&#8221;default&#8221; hover_enabled=&#8221;0&#8243; sticky_enabled=&#8221;0&#8243;]<\/p>\n<p><iframe loading=\"lazy\" src=\"https:\/\/5cad39b7.sibforms.com\/serve\/MUIEAM57vqU6a3EeytRA0iMG8xOYSVLOSlkI3bvSd_lQlhrXFTCDqH4GrJAoyQPEyzecTszkAlDIp_pYRWBE5MklfpRZBVceOhSqnFvGdvOQ_6ZFlHeRZDgnj7JwCtu-03nsnWYWANVzpHtRNkIErSarUy6hOvWRgktTLLog2hE22pxUaPGb5tJVkeuw2AdvcVjCZnnAHh7lGM0N\" scrolling=\"auto\" allowfullscreen=\"\" style=\"display: block; margin-left: auto; margin-right: auto; max-width: 100%;\" width=\"540\" height=\"900\" frameborder=\"0\"><\/iframe><\/p>\n<p>[\/et_pb_text][\/et_pb_column][\/et_pb_row][\/et_pb_section]<\/p>\n","protected":false},"excerpt":{"rendered":"<p>[et_pb_section fb_built=&#8221;1&#8243; fullwidth=&#8221;on&#8221; _builder_version=&#8221;4.9.2&#8243; _module_preset=&#8221;default&#8221;][et_pb_fullwidth_header title=&#8221;H\u00edrlev\u00e9l feliratkoz\u00e1s&#8221; _builder_version=&#8221;4.9.2&#8243; _module_preset=&#8221;default&#8221; background_color=&#8221;#c1171c&#8221;][\/et_pb_fullwidth_header][\/et_pb_section][et_pb_section fb_built=&#8221;1&#8243; _builder_version=&#8221;4.9.2&#8243; _module_preset=&#8221;default&#8221;][et_pb_row _builder_version=&#8221;4.9.2&#8243; _module_preset=&#8221;default&#8221; hover_enabled=&#8221;0&#8243; sticky_enabled=&#8221;0&#8243;][et_pb_column type=&#8221;4_4&#8243; _builder_version=&#8221;4.9.2&#8243; _module_preset=&#8221;default&#8221;][et_pb_text _builder_version=&#8221;4.9.2&#8243; _module_preset=&#8221;default&#8221; hover_enabled=&#8221;0&#8243; sticky_enabled=&#8221;0&#8243;] [\/et_pb_text][\/et_pb_column][\/et_pb_row][\/et_pb_section]<\/p>\n","protected":false},"author":1,"featured_media":0,"parent":0,"menu_order":0,"comment_status":"closed","ping_status":"closed","template":"","meta":{"footnotes":""},"class_list":["post-94","page","type-page","status-publish","hentry"],"acf":[],"yoast_head":"<!-- This site is optimized with the Yoast SEO plugin v19.10 - https:\/\/yoast.com\/wordpress\/plugins\/seo\/ -->\n<title>H\u00edrlev\u00e9l feliratkoz\u00e1s - EPC Nyomda<\/title>\n<meta name=\"robots\" content=\"index, follow, max-snippet:-1, max-image-preview:large, max-video-preview:-1\" \/>\n<link rel=\"canonical\" href=\"https:\/\/epcnyomda.hu\/hirlevel-feliratkozas\/\" \/>\n<meta property=\"og:locale\" content=\"en_US\" \/>\n<meta property=\"og:type\" content=\"article\" \/>\n<meta property=\"og:title\" content=\"H\u00edrlev\u00e9l feliratkoz\u00e1s - EPC Nyomda\" \/>\n<meta property=\"og:description\" content=\"[et_pb_section fb_built=&#8221;1&#8243; fullwidth=&#8221;on&#8221; _builder_version=&#8221;4.9.2&#8243; _module_preset=&#8221;default&#8221;][et_pb_fullwidth_header title=&#8221;H\u00edrlev\u00e9l feliratkoz\u00e1s&#8221; _builder_version=&#8221;4.9.2&#8243; _module_preset=&#8221;default&#8221; background_color=&#8221;#c1171c&#8221;][\/et_pb_fullwidth_header][\/et_pb_section][et_pb_section fb_built=&#8221;1&#8243; _builder_version=&#8221;4.9.2&#8243; _module_preset=&#8221;default&#8221;][et_pb_row _builder_version=&#8221;4.9.2&#8243; _module_preset=&#8221;default&#8221; hover_enabled=&#8221;0&#8243; sticky_enabled=&#8221;0&#8243;][et_pb_column type=&#8221;4_4&#8243; _builder_version=&#8221;4.9.2&#8243; _module_preset=&#8221;default&#8221;][et_pb_text _builder_version=&#8221;4.9.2&#8243; _module_preset=&#8221;default&#8221; hover_enabled=&#8221;0&#8243; sticky_enabled=&#8221;0&#8243;] [\/et_pb_text][\/et_pb_column][\/et_pb_row][\/et_pb_section]\" \/>\n<meta property=\"og:url\" content=\"https:\/\/epcnyomda.hu\/hirlevel-feliratkozas\/\" \/>\n<meta property=\"og:site_name\" content=\"EPC Nyomda\" \/>\n<meta property=\"article:modified_time\" content=\"2021-03-29T08:30:05+00:00\" \/>\n<meta name=\"twitter:card\" content=\"summary_large_image\" \/>\n<script type=\"application\/ld+json\" class=\"yoast-schema-graph\">{\"@context\":\"https:\/\/schema.org\",\"@graph\":[{\"@type\":\"WebPage\",\"@id\":\"https:\/\/epcnyomda.hu\/hirlevel-feliratkozas\/\",\"url\":\"https:\/\/epcnyomda.hu\/hirlevel-feliratkozas\/\",\"name\":\"H\u00edrlev\u00e9l feliratkoz\u00e1s - EPC Nyomda\",\"isPartOf\":{\"@id\":\"https:\/\/epcnyomda.hu\/#website\"},\"datePublished\":\"2021-03-29T08:27:21+00:00\",\"dateModified\":\"2021-03-29T08:30:05+00:00\",\"inLanguage\":\"en-US\",\"potentialAction\":[{\"@type\":\"ReadAction\",\"target\":[\"https:\/\/epcnyomda.hu\/hirlevel-feliratkozas\/\"]}]},{\"@type\":\"WebSite\",\"@id\":\"https:\/\/epcnyomda.hu\/#website\",\"url\":\"https:\/\/epcnyomda.hu\/\",\"name\":\"EPC Nyomda\",\"description\":\"A Te nyomd\u00e1d!\",\"potentialAction\":[{\"@type\":\"SearchAction\",\"target\":{\"@type\":\"EntryPoint\",\"urlTemplate\":\"https:\/\/epcnyomda.hu\/?s={search_term_string}\"},\"query-input\":\"required name=search_term_string\"}],\"inLanguage\":\"en-US\"}]}<\/script>\n<!-- \/ Yoast SEO plugin. -->","yoast_head_json":{"title":"H\u00edrlev\u00e9l feliratkoz\u00e1s - EPC Nyomda","robots":{"index":"index","follow":"follow","max-snippet":"max-snippet:-1","max-image-preview":"max-image-preview:large","max-video-preview":"max-video-preview:-1"},"canonical":"https:\/\/epcnyomda.hu\/hirlevel-feliratkozas\/","og_locale":"en_US","og_type":"article","og_title":"H\u00edrlev\u00e9l feliratkoz\u00e1s - EPC Nyomda","og_description":"[et_pb_section fb_built=&#8221;1&#8243; fullwidth=&#8221;on&#8221; _builder_version=&#8221;4.9.2&#8243; _module_preset=&#8221;default&#8221;][et_pb_fullwidth_header title=&#8221;H\u00edrlev\u00e9l feliratkoz\u00e1s&#8221; _builder_version=&#8221;4.9.2&#8243; _module_preset=&#8221;default&#8221; background_color=&#8221;#c1171c&#8221;][\/et_pb_fullwidth_header][\/et_pb_section][et_pb_section fb_built=&#8221;1&#8243; _builder_version=&#8221;4.9.2&#8243; _module_preset=&#8221;default&#8221;][et_pb_row _builder_version=&#8221;4.9.2&#8243; _module_preset=&#8221;default&#8221; hover_enabled=&#8221;0&#8243; sticky_enabled=&#8221;0&#8243;][et_pb_column type=&#8221;4_4&#8243; _builder_version=&#8221;4.9.2&#8243; _module_preset=&#8221;default&#8221;][et_pb_text _builder_version=&#8221;4.9.2&#8243; _module_preset=&#8221;default&#8221; hover_enabled=&#8221;0&#8243; sticky_enabled=&#8221;0&#8243;] [\/et_pb_text][\/et_pb_column][\/et_pb_row][\/et_pb_section]","og_url":"https:\/\/epcnyomda.hu\/hirlevel-feliratkozas\/","og_site_name":"EPC Nyomda","article_modified_time":"2021-03-29T08:30:05+00:00","twitter_card":"summary_large_image","schema":{"@context":"https:\/\/schema.org","@graph":[{"@type":"WebPage","@id":"https:\/\/epcnyomda.hu\/hirlevel-feliratkozas\/","url":"https:\/\/epcnyomda.hu\/hirlevel-feliratkozas\/","name":"H\u00edrlev\u00e9l feliratkoz\u00e1s - EPC Nyomda","isPartOf":{"@id":"https:\/\/epcnyomda.hu\/#website"},"datePublished":"2021-03-29T08:27:21+00:00","dateModified":"2021-03-29T08:30:05+00:00","inLanguage":"en-US","potentialAction":[{"@type":"ReadAction","target":["https:\/\/epcnyomda.hu\/hirlevel-feliratkozas\/"]}]},{"@type":"WebSite","@id":"https:\/\/epcnyomda.hu\/#website","url":"https:\/\/epcnyomda.hu\/","name":"EPC Nyomda","description":"A Te nyomd\u00e1d!","potentialAction":[{"@type":"SearchAction","target":{"@type":"EntryPoint","urlTemplate":"https:\/\/epcnyomda.hu\/?s={search_term_string}"},"query-input":"required name=search_term_string"}],"inLanguage":"en-US"}]}},"_links":{"self":[{"href":"https:\/\/epcnyomda.hu\/en\/wp-json\/wp\/v2\/pages\/94","targetHints":{"allow":["GET"]}}],"collection":[{"href":"https:\/\/epcnyomda.hu\/en\/wp-json\/wp\/v2\/pages"}],"about":[{"href":"https:\/\/epcnyomda.hu\/en\/wp-json\/wp\/v2\/types\/page"}],"author":[{"embeddable":true,"href":"https:\/\/epcnyomda.hu\/en\/wp-json\/wp\/v2\/users\/1"}],"replies":[{"embeddable":true,"href":"https:\/\/epcnyomda.hu\/en\/wp-json\/wp\/v2\/comments?post=94"}],"version-history":[{"count":6,"href":"https:\/\/epcnyomda.hu\/en\/wp-json\/wp\/v2\/pages\/94\/revisions"}],"predecessor-version":[{"id":102,"href":"https:\/\/epcnyomda.hu\/en\/wp-json\/wp\/v2\/pages\/94\/revisions\/102"}],"wp:attachment":[{"href":"https:\/\/epcnyomda.hu\/en\/wp-json\/wp\/v2\/media?parent=94"}],"curies":[{"name":"wp","href":"https:\/\/api.w.org\/{rel}","templated":true}]}}