{"id":79,"date":"2021-03-29T06:52:27","date_gmt":"2021-03-29T06:52:27","guid":{"rendered":"https:\/\/epcnyomda.hu\/?page_id=79"},"modified":"2022-09-15T17:39:51","modified_gmt":"2022-09-15T17:39:51","slug":"elerhetosegek","status":"publish","type":"page","link":"https:\/\/epcnyomda.hu\/en\/elerhetosegek\/","title":{"rendered":"Contact"},"content":{"rendered":"<p>[vc_row full_width=&#8221;stretch_row&#8221; content_placement=&#8221;middle&#8221; css=&#8221;.vc_custom_1661328621240{background-image: url(https:\/\/epcnyomda.hu\/wp-content\/uploads\/2021\/03\/epc-konyv-referencia-01.jpg?id=116) !important;background-position: center !important;background-repeat: no-repeat !important;background-size: cover !important;}&#8221;][vc_column width=&#8221;1\/2&#8243;][\/vc_column][vc_column width=&#8221;1\/2&#8243; css=&#8221;.vc_custom_1661328552298{margin-top: 55px !important;margin-bottom: 35px !important;margin-left: 25px !important;padding-top: 15px !important;padding-right: 15px !important;padding-bottom: 0px !important;padding-left: 15px !important;background-color: #ffffff !important;}&#8221; el_id=&#8221;rolunk-box&#8221;][vc_column_text]<\/p>\n<h1 class=\"font-serif font-bold text-3xl leading-tight sm:text-4xl md:font-bold md:text-4xl md:leading-none lg:text-5xl\" data-test-id=\"title\">Contact<\/h1>\n<p><strong>Elektroproduct Nyomdaipari Kft.<\/strong><\/p>\n<p>Hungary, 2040 Buda\u00f6rs, Baross u. 77.<\/p>\n<p><a class=\"\" href=\"https:\/\/ul.waze.com\/ul?ll=47.45695254%2C18.94900203&amp;navigate=yes&amp;zoom=17\" target=\"_blank\" rel=\"noopener\">Navigate to us \u2192<\/a><\/p>\n<p>Phone: <a href=\"tel:+36206176156\">+36-20-617-6156<\/a><\/p>\n<p>Email: <a href=\"mailto:print@epcnyomda.hu\">print@epcnyomda.hu<\/a><\/p>\n<p><a href=\"https:\/\/epcnyomda.hu\/munkatarsaink\/\">Contact our staff \u2192<\/a>[\/vc_column_text][\/vc_column][\/vc_row][vc_row css=&#8221;.vc_custom_1661328559607{margin-top: 35px !important;}&#8221;][vc_column][vc_column_text]<\/p>\n<h3>Request for quotation<\/h3>\n<p>Request a quote and our colleagues will contact you soon!<\/p>\n<div role=\"form\" class=\"wpcf7\" id=\"wpcf7-f4-o2\" lang=\"hu-HU\" dir=\"ltr\">\n<div class=\"screen-reader-response\"><p role=\"status\" aria-live=\"polite\" aria-atomic=\"true\"><\/p> <ul><\/ul><\/div>\n<form action=\"\/en\/wp-json\/wp\/v2\/pages\/79#wpcf7-f4-o2\" method=\"post\" class=\"wpcf7-form init\" novalidate=\"novalidate\" data-status=\"init\">\n<div style=\"display: none;\">\n<input type=\"hidden\" name=\"_wpcf7\" value=\"4\" \/>\n<input type=\"hidden\" name=\"_wpcf7_version\" value=\"5.6.4\" \/>\n<input type=\"hidden\" name=\"_wpcf7_locale\" value=\"hu_HU\" \/>\n<input type=\"hidden\" name=\"_wpcf7_unit_tag\" value=\"wpcf7-f4-o2\" \/>\n<input type=\"hidden\" name=\"_wpcf7_container_post\" value=\"0\" \/>\n<input type=\"hidden\" name=\"_wpcf7_posted_data_hash\" value=\"\" \/>\n<input type=\"hidden\" name=\"_wpcf7_recaptcha_response\" value=\"\" \/>\n<\/div>\n<p><b>Contact details<\/b><\/p>\n<p><span class=\"wpcf7-form-control-wrap\" data-name=\"cegnev\"><input type=\"text\" name=\"cegnev\" value=\"\" size=\"40\" class=\"wpcf7-form-control wpcf7-text wpcf7-validates-as-required\" aria-required=\"true\" aria-invalid=\"false\" placeholder=\"Company\" \/><\/span> <span class=\"wpcf7-form-control-wrap\" data-name=\"nev\"><input type=\"text\" name=\"nev\" value=\"\" size=\"40\" class=\"wpcf7-form-control wpcf7-text wpcf7-validates-as-required\" aria-required=\"true\" aria-invalid=\"false\" placeholder=\"Name\" \/><\/span> <span class=\"wpcf7-form-control-wrap\" data-name=\"tel\"><input type=\"tel\" name=\"tel\" value=\"\" size=\"40\" class=\"wpcf7-form-control wpcf7-text wpcf7-tel wpcf7-validates-as-required wpcf7-validates-as-tel\" aria-required=\"true\" aria-invalid=\"false\" placeholder=\"Phone number\" \/><\/span> <span class=\"wpcf7-form-control-wrap\" data-name=\"email\"><input type=\"email\" name=\"email\" value=\"\" size=\"40\" class=\"wpcf7-form-control wpcf7-text wpcf7-email wpcf7-validates-as-required wpcf7-validates-as-email\" aria-required=\"true\" aria-invalid=\"false\" placeholder=\"Email\" \/><\/span><\/p>\n<p><span class=\"wpcf7-form-control-wrap\" data-name=\"textarea\"><textarea name=\"textarea\" cols=\"40\" rows=\"10\" class=\"wpcf7-form-control wpcf7-textarea\" aria-invalid=\"false\" placeholder=\"Please tell us what you need.\"><\/textarea><\/span><\/p>\n<p><span class=\"wpcf7-form-control-wrap\" data-name=\"acceptance-517\"><span class=\"wpcf7-form-control wpcf7-acceptance\"><span class=\"wpcf7-list-item\"><label><input type=\"checkbox\" name=\"acceptance-517\" value=\"1\" aria-invalid=\"false\" \/><span class=\"wpcf7-list-item-label\">I have read and accept the <a href=\"https:\/\/epcnyomda.hu\/wp-content\/uploads\/2022\/09\/EPC-Adatkezeles.pdf\" target=\"_blank\" style=\"font-weight:500;\">privacy notice<\/a>.<\/span><\/label><\/span><\/span><\/span><\/p>\n<p><span class=\"wpcf7-form-control-wrap\" data-name=\"acceptance-518\"><span class=\"wpcf7-form-control wpcf7-acceptance\"><span class=\"wpcf7-list-item\"><label><input type=\"checkbox\" name=\"acceptance-518\" value=\"1\" aria-invalid=\"false\" \/><span class=\"wpcf7-list-item-label\">I have read and accept the <a href=\"https:\/\/epcnyomda.hu\/wp-content\/uploads\/2023\/03\/epc-aszf.pdf\" target=\"_blank\" style=\"font-weight:500;\">General Terms and Conditions<\/a>.<\/span><\/label><\/span><\/span><\/span><\/p>\n<span class=\"wpcf7-form-control-wrap recaptcha\" data-name=\"recaptcha\"><span data-sitekey=\"6LcegvYiAAAAACBJPu3fRpcc_6KWNvouM_o60CAP\" class=\"wpcf7-form-control g-recaptcha wpcf7-recaptcha\"><\/span>\r\n<noscript>\r\n\t<div class=\"grecaptcha-noscript\">\r\n\t\t<iframe loading=\"lazy\" src=\"https:\/\/www.google.com\/recaptcha\/api\/fallback?k=6LcegvYiAAAAACBJPu3fRpcc_6KWNvouM_o60CAP\" frameborder=\"0\" scrolling=\"no\" width=\"310\" height=\"430\">\r\n\t\t<\/iframe>\r\n\t\t<textarea name=\"g-recaptcha-response\" rows=\"3\" cols=\"40\" placeholder=\"reCaptcha Response Here\">\r\n\t\t<\/textarea>\r\n\t<\/div>\r\n<\/noscript>\r\n<\/span>\n<p><br><p class=\"dscf7captcha\"><input name=\"dscf7_hidden_val1-dscf7captcha-189\" id=\"dscf7_hidden_val1-dscf7captcha-189\" type=\"hidden\" value=\"2\" \/><input name=\"dscf7_hidden_val2-dscf7captcha-189\" id=\"dscf7_hidden_val2-dscf7captcha-189\" type=\"hidden\" value=\"9\" \/><input name=\"dscf7_hidden_action-dscf7captcha-189\" id=\"dscf7_hidden_action-dscf7captcha-189\" type=\"hidden\" value=\"+\" \/>What is <span class=\"cf7as-firstAct\">9<\/span> +<span class=\"cf7as-firstAct\"> 2<\/span> ? <a href=\"javascript:void(0)\" id=dscf7captcha-189 class=\"dscf7_refresh_captcha\"><img decoding=\"async\" class=\"dscf7_captcha_icon\" src=\"https:\/\/epcnyomda.hu\/wp-content\/plugins\/ds-cf7-math-captcha\/assets\/img\/icons8-refresh-30.png\"\/><img decoding=\"async\" class=\"dscf7_captcha_reload_icon\" src=\"https:\/\/epcnyomda.hu\/wp-content\/plugins\/ds-cf7-math-captcha\/assets\/img\/446bcd468478f5bfb7b4e5c804571392_w200.gif\" style=\"display:none; width:30px\" \/><\/a><br><span class=\"wpcf7-form-control-wrap dscf7captcha-189\"> <input type=\"text\" aria-invalid=\"false\" aria-required=\"true\" class=\"wpcf7-form-control wpcf7-text wpcf7-validates-as-required\" size=\"5\" value=\"\" name=\"dscf7captcha-189\" placeholder=\"Type your answer\" style=\"width:200px;margin-bottom:10px;\" oninput=\"this.value = this.value.replace(\/[^0-9.]\/g, '').replace(\/(\\..*)\\.\/g, '$1');\"><\/span><\/p><\/p>\n<p><input type=\"submit\" value=\"Send\" class=\"wpcf7-form-control has-spinner wpcf7-submit\" \/><\/p>\n<span class=\"wpcf7-form-control-wrap recaptcha\" data-name=\"recaptcha\"><span data-sitekey=\"6LcegvYiAAAAACBJPu3fRpcc_6KWNvouM_o60CAP\" class=\"wpcf7-form-control g-recaptcha wpcf7-recaptcha\"><\/span>\r\n<noscript>\r\n\t<div class=\"grecaptcha-noscript\">\r\n\t\t<iframe loading=\"lazy\" src=\"https:\/\/www.google.com\/recaptcha\/api\/fallback?k=6LcegvYiAAAAACBJPu3fRpcc_6KWNvouM_o60CAP\" frameborder=\"0\" scrolling=\"no\" width=\"310\" height=\"430\">\r\n\t\t<\/iframe>\r\n\t\t<textarea name=\"g-recaptcha-response\" rows=\"3\" cols=\"40\" placeholder=\"reCaptcha Response Here\">\r\n\t\t<\/textarea>\r\n\t<\/div>\r\n<\/noscript>\r\n<\/span>\n<div class=\"wpcf7-response-output\" aria-hidden=\"true\"><\/div><\/form><\/div>[\/vc_column_text][\/vc_column][\/vc_row][vc_row css=&#8221;.vc_custom_1661328566379{margin-top: 35px !important;}&#8221;][vc_column][vc_column_text]<strong>Tax number:<\/strong> HU10276028<br \/>\n<strong>Company registration number:<\/strong> 13-09-060582<br \/>\n<strong>Opening hours:<\/strong> Monday &#8211; Friday: 8.00 &#8211; 17.00<\/p>\n<p><strong>Our account numbers:<\/strong><br \/>\n<strong>Budapest Bank:<\/strong> 10103805-04430936-00000009<br \/>\n<strong>UniCredit Bank:<\/strong> 10918001-00000107-37690003[\/vc_column_text][\/vc_column][\/vc_row]<\/p>","protected":false},"excerpt":{"rendered":"<p>[vc_row full_width=&#8221;stretch_row&#8221; content_placement=&#8221;middle&#8221; css=&#8221;.vc_custom_1661328621240{background-image: url(https:\/\/epcnyomda.hu\/wp-content\/uploads\/2021\/03\/epc-konyv-referencia-01.jpg?id=116) !important;background-position: center !important;background-repeat: no-repeat !important;background-size: cover !important;}&#8221;][vc_column width=&#8221;1\/2&#8243;][\/vc_column][vc_column width=&#8221;1\/2&#8243; css=&#8221;.vc_custom_1661328552298{margin-top: 55px !important;margin-bottom: 35px !important;margin-left: 25px !important;padding-top: 15px !important;padding-right: 15px !important;padding-bottom: 0px !important;padding-left: 15px !important;background-color: #ffffff !important;}&#8221; el_id=&#8221;rolunk-box&#8221;][vc_column_text] Contact Elektroproduct Nyomdaipari Kft. Hungary, 2040 Buda\u00f6rs, Baross u. 77. Navigate to us \u2192 Phone: +36-20-617-6156 Email: print@epcnyomda.hu Contact our staff \u2192[\/vc_column_text][\/vc_column][\/vc_row][vc_row css=&#8221;.vc_custom_1661328559607{margin-top:&hellip;<\/p>\n","protected":false},"author":1,"featured_media":0,"parent":0,"menu_order":0,"comment_status":"closed","ping_status":"closed","template":"","meta":{"footnotes":""},"class_list":["post-79","page","type-page","status-publish","hentry"],"acf":[],"yoast_head":"<!-- This site is optimized with the Yoast SEO plugin v19.10 - https:\/\/yoast.com\/wordpress\/plugins\/seo\/ -->\n<title>Contact - EPC Nyomda<\/title>\n<meta name=\"robots\" content=\"index, follow, max-snippet:-1, max-image-preview:large, max-video-preview:-1\" \/>\n<link rel=\"canonical\" href=\"https:\/\/epcnyomda.hu\/elerhetosegek\/\" \/>\n<meta property=\"og:locale\" content=\"en_US\" \/>\n<meta property=\"og:type\" content=\"article\" \/>\n<meta property=\"og:title\" content=\"[:hu]El\u00e9rhet\u0151s\u00e9gek[:en]Contact[:] - EPC Nyomda\" \/>\n<meta property=\"og:description\" content=\"[vc_row full_width=&#8221;stretch_row&#8221; content_placement=&#8221;middle&#8221; css=&#8221;.vc_custom_1661328621240{background-image: url(https:\/\/epcnyomda.hu\/wp-content\/uploads\/2021\/03\/epc-konyv-referencia-01.jpg?id=116) !important;background-position: center !important;background-repeat: no-repeat !important;background-size: cover !important;}&#8221;][vc_column width=&#8221;1\/2&#8243;][\/vc_column][vc_column width=&#8221;1\/2&#8243; css=&#8221;.vc_custom_1661328552298{margin-top: 55px !important;margin-bottom: 35px !important;margin-left: 25px !important;padding-top: 15px !important;padding-right: 15px !important;padding-bottom: 0px !important;padding-left: 15px !important;background-color: #ffffff !important;}&#8221; el_id=&#8221;rolunk-box&#8221;][vc_column_text] Contact Elektroproduct Nyomdaipari Kft. Hungary, 2040 Buda\u00f6rs, Baross u. 77. Navigate to us \u2192 Phone: +36-20-617-6156 Email: print@epcnyomda.hu Contact our staff \u2192[\/vc_column_text][\/vc_column][\/vc_row][vc_row css=&#8221;.vc_custom_1661328559607{margin-top:&hellip;\" \/>\n<meta property=\"og:url\" content=\"https:\/\/epcnyomda.hu\/elerhetosegek\/\" \/>\n<meta property=\"og:site_name\" content=\"EPC Nyomda\" \/>\n<meta property=\"article:modified_time\" content=\"2022-09-15T17:39:51+00:00\" \/>\n<meta name=\"twitter:card\" content=\"summary_large_image\" \/>\n<meta name=\"twitter:label1\" content=\"Est. reading time\" \/>\n\t<meta name=\"twitter:data1\" content=\"1 minute\" \/>\n<script type=\"application\/ld+json\" class=\"yoast-schema-graph\">{\"@context\":\"https:\/\/schema.org\",\"@graph\":[{\"@type\":\"WebPage\",\"@id\":\"https:\/\/epcnyomda.hu\/elerhetosegek\/\",\"url\":\"https:\/\/epcnyomda.hu\/elerhetosegek\/\",\"name\":\"[:hu]El\u00e9rhet\u0151s\u00e9gek[:en]Contact[:] - EPC Nyomda\",\"isPartOf\":{\"@id\":\"https:\/\/epcnyomda.hu\/#website\"},\"datePublished\":\"2021-03-29T06:52:27+00:00\",\"dateModified\":\"2022-09-15T17:39:51+00:00\",\"inLanguage\":\"en-US\",\"potentialAction\":[{\"@type\":\"ReadAction\",\"target\":[\"https:\/\/epcnyomda.hu\/elerhetosegek\/\"]}]},{\"@type\":\"WebSite\",\"@id\":\"https:\/\/epcnyomda.hu\/#website\",\"url\":\"https:\/\/epcnyomda.hu\/\",\"name\":\"EPC Nyomda\",\"description\":\"A Te nyomd\u00e1d!\",\"potentialAction\":[{\"@type\":\"SearchAction\",\"target\":{\"@type\":\"EntryPoint\",\"urlTemplate\":\"https:\/\/epcnyomda.hu\/?s={search_term_string}\"},\"query-input\":\"required name=search_term_string\"}],\"inLanguage\":\"en-US\"}]}<\/script>\n<!-- \/ Yoast SEO plugin. -->","yoast_head_json":{"title":"[:hu]El\u00e9rhet\u0151s\u00e9gek[:en]Contact[:] - EPC Nyomda","robots":{"index":"index","follow":"follow","max-snippet":"max-snippet:-1","max-image-preview":"max-image-preview:large","max-video-preview":"max-video-preview:-1"},"canonical":"https:\/\/epcnyomda.hu\/elerhetosegek\/","og_locale":"en_US","og_type":"article","og_title":"[:hu]El\u00e9rhet\u0151s\u00e9gek[:en]Contact[:] - EPC Nyomda","og_description":"[vc_row full_width=&#8221;stretch_row&#8221; content_placement=&#8221;middle&#8221; css=&#8221;.vc_custom_1661328621240{background-image: url(https:\/\/epcnyomda.hu\/wp-content\/uploads\/2021\/03\/epc-konyv-referencia-01.jpg?id=116) !important;background-position: center !important;background-repeat: no-repeat !important;background-size: cover !important;}&#8221;][vc_column width=&#8221;1\/2&#8243;][\/vc_column][vc_column width=&#8221;1\/2&#8243; css=&#8221;.vc_custom_1661328552298{margin-top: 55px !important;margin-bottom: 35px !important;margin-left: 25px !important;padding-top: 15px !important;padding-right: 15px !important;padding-bottom: 0px !important;padding-left: 15px !important;background-color: #ffffff !important;}&#8221; el_id=&#8221;rolunk-box&#8221;][vc_column_text] Contact Elektroproduct Nyomdaipari Kft. Hungary, 2040 Buda\u00f6rs, Baross u. 77. Navigate to us \u2192 Phone: +36-20-617-6156 Email: print@epcnyomda.hu Contact our staff \u2192[\/vc_column_text][\/vc_column][\/vc_row][vc_row css=&#8221;.vc_custom_1661328559607{margin-top:&hellip;","og_url":"https:\/\/epcnyomda.hu\/elerhetosegek\/","og_site_name":"EPC Nyomda","article_modified_time":"2022-09-15T17:39:51+00:00","twitter_card":"summary_large_image","twitter_misc":{"Est. reading time":"1 minute"},"schema":{"@context":"https:\/\/schema.org","@graph":[{"@type":"WebPage","@id":"https:\/\/epcnyomda.hu\/elerhetosegek\/","url":"https:\/\/epcnyomda.hu\/elerhetosegek\/","name":"[:hu]El\u00e9rhet\u0151s\u00e9gek[:en]Contact[:] - EPC Nyomda","isPartOf":{"@id":"https:\/\/epcnyomda.hu\/#website"},"datePublished":"2021-03-29T06:52:27+00:00","dateModified":"2022-09-15T17:39:51+00:00","inLanguage":"en-US","potentialAction":[{"@type":"ReadAction","target":["https:\/\/epcnyomda.hu\/elerhetosegek\/"]}]},{"@type":"WebSite","@id":"https:\/\/epcnyomda.hu\/#website","url":"https:\/\/epcnyomda.hu\/","name":"EPC Nyomda","description":"A Te nyomd\u00e1d!","potentialAction":[{"@type":"SearchAction","target":{"@type":"EntryPoint","urlTemplate":"https:\/\/epcnyomda.hu\/?s={search_term_string}"},"query-input":"required name=search_term_string"}],"inLanguage":"en-US"}]}},"_links":{"self":[{"href":"https:\/\/epcnyomda.hu\/en\/wp-json\/wp\/v2\/pages\/79","targetHints":{"allow":["GET"]}}],"collection":[{"href":"https:\/\/epcnyomda.hu\/en\/wp-json\/wp\/v2\/pages"}],"about":[{"href":"https:\/\/epcnyomda.hu\/en\/wp-json\/wp\/v2\/types\/page"}],"author":[{"embeddable":true,"href":"https:\/\/epcnyomda.hu\/en\/wp-json\/wp\/v2\/users\/1"}],"replies":[{"embeddable":true,"href":"https:\/\/epcnyomda.hu\/en\/wp-json\/wp\/v2\/comments?post=79"}],"version-history":[{"count":33,"href":"https:\/\/epcnyomda.hu\/en\/wp-json\/wp\/v2\/pages\/79\/revisions"}],"predecessor-version":[{"id":684,"href":"https:\/\/epcnyomda.hu\/en\/wp-json\/wp\/v2\/pages\/79\/revisions\/684"}],"wp:attachment":[{"href":"https:\/\/epcnyomda.hu\/en\/wp-json\/wp\/v2\/media?parent=79"}],"curies":[{"name":"wp","href":"https:\/\/api.w.org\/{rel}","templated":true}]}}