{"id":603,"date":"2022-09-12T10:38:04","date_gmt":"2022-09-12T10:38:04","guid":{"rendered":"https:\/\/epcnyomda.hu\/?page_id=603"},"modified":"2023-05-09T08:49:59","modified_gmt":"2023-05-09T08:49:59","slug":"stancrajzok","status":"publish","type":"page","link":"https:\/\/epcnyomda.hu\/en\/stancrajzok\/","title":{"rendered":"Stancrajzok"},"content":{"rendered":"<p>[vc_row css=&#8221;.vc_custom_1662979400171{margin-top: 35px !important;margin-bottom: 35px !important;}&#8221;][vc_column][vc_custom_heading source=&#8221;post_title&#8221; font_container=&#8221;tag:h3|text_align:left&#8221; use_theme_fonts=&#8221;yes&#8221;][\/vc_column][\/vc_row][vc_row gap=&#8221;30&#8243; equal_height=&#8221;yes&#8221; content_placement=&#8221;top&#8221;][vc_column width=&#8221;1\/3&#8243; el_class=&#8221;stancbox&#8221;][vc_single_image image=&#8221;622&#8243; img_size=&#8221;full&#8221; css=&#8221;.vc_custom_1662979009051{padding: 15px !important;background-color: #ffffff !important;}&#8221;][vc_column_text el_class=&#8221;txt&#8221;]<\/p>\n<p style=\"text-align: center;\"><strong>Nr 1<\/strong><br \/>\n220&#215;310 mm<br \/>\n6 mm-es gerinc<br \/>\n1 n\u00e9vjegytart\u00f3<br \/>\n4 oldalas<br \/>\nb\u00fajtat\u00f3s f\u00fcl<\/p>\n<p>[\/vc_column_text][vc_column_text el_class=&#8221;letoltes&#8221;]<a href=\"https:\/\/epcnyomda.hu\/wp-content\/uploads\/2022\/09\/1.-220x310_4oldalas_bujtatos_6mmgerinc_njtartos.pdf\" target=\"_blank\" rel=\"noopener\">Let\u00f6lt\u00e9s<\/a>[\/vc_column_text][\/vc_column][vc_column width=&#8221;1\/3&#8243; el_class=&#8221;stancbox&#8221;][vc_single_image image=&#8221;621&#8243; img_size=&#8221;full&#8221; css=&#8221;.vc_custom_1662980949063{padding-top: 15px !important;padding-right: 15px !important;padding-bottom: 15px !important;padding-left: 15px !important;background-color: #ffffff !important;}&#8221;][vc_column_text el_class=&#8221;txt&#8221;]<\/p>\n<p style=\"text-align: center;\"><strong>Nr 2<\/strong><br \/>\n215&#215;300 mm<br \/>\n2 n\u00e9vjegytart\u00f3<br \/>\n4 oldalas<br \/>\nb\u00fajtat\u00f3s f\u00fcl<\/p>\n<p>[\/vc_column_text][vc_column_text el_class=&#8221;letoltes&#8221;]<a href=\"https:\/\/epcnyomda.hu\/wp-content\/uploads\/2022\/09\/2.-215x300_gerinc_nelkul_2n_jes.pdf\" target=\"_blank\" rel=\"noopener\">Let\u00f6lt\u00e9s<\/a>[\/vc_column_text][\/vc_column][vc_column width=&#8221;1\/3&#8243; el_class=&#8221;stancbox&#8221;][vc_single_image image=&#8221;620&#8243; img_size=&#8221;full&#8221; css=&#8221;.vc_custom_1662980956366{padding-top: 15px !important;padding-right: 15px !important;padding-bottom: 15px !important;padding-left: 15px !important;background-color: #ffffff !important;}&#8221;][vc_column_text el_class=&#8221;txt&#8221;]<\/p>\n<p style=\"text-align: center;\"><strong>Nr 3<\/strong><br \/>\n221&#215;302 mm<br \/>\n6 mm-es gerinc<br \/>\n4 oldalas<br \/>\nfelhajt\u00f3s zseb<\/p>\n<p>[\/vc_column_text][vc_column_text el_class=&#8221;letoltes&#8221;]<a href=\"https:\/\/epcnyomda.hu\/wp-content\/uploads\/2022\/09\/3.-221x302mm_4oldalas_alulrol_felhajlo_zsebes.pdf\" target=\"_blank\" rel=\"noopener\">Let\u00f6lt\u00e9s<\/a>[\/vc_column_text][\/vc_column][\/vc_row][vc_row gap=&#8221;30&#8243; equal_height=&#8221;yes&#8221; content_placement=&#8221;top&#8221;][vc_column width=&#8221;1\/3&#8243; el_class=&#8221;stancbox&#8221;][vc_single_image image=&#8221;619&#8243; img_size=&#8221;full&#8221; css=&#8221;.vc_custom_1662980964951{padding-top: 15px !important;padding-right: 15px !important;padding-bottom: 15px !important;padding-left: 15px !important;background-color: #ffffff !important;}&#8221;][vc_column_text el_class=&#8221;txt&#8221;]<\/p>\n<p style=\"text-align: center;\"><strong>Nr 4<\/strong><br \/>\n240&#215;340 mm<br \/>\n10 mm-es gerinc<br \/>\n2 n\u00e9vjegytart\u00f3<br \/>\n4 oldalas<br \/>\nalul, fel\u00fcl f\u00fcles<\/p>\n<p>[\/vc_column_text][vc_column_text el_class=&#8221;letoltes&#8221;]<a href=\"https:\/\/epcnyomda.hu\/wp-content\/uploads\/2022\/09\/4.-240x340mm_4oldalas_3fules_njtartos..pdf\" target=\"_blank\" rel=\"noopener\">Let\u00f6lt\u00e9s<\/a>[\/vc_column_text][\/vc_column][vc_column width=&#8221;1\/3&#8243; el_class=&#8221;stancbox&#8221;][vc_single_image image=&#8221;618&#8243; img_size=&#8221;full&#8221; css=&#8221;.vc_custom_1662980974102{padding-top: 15px !important;padding-right: 15px !important;padding-bottom: 15px !important;padding-left: 15px !important;background-color: #ffffff !important;}&#8221;][vc_column_text el_class=&#8221;txt&#8221;]<\/p>\n<p style=\"text-align: center;\"><strong>Nr 5<\/strong><br \/>\n219&#215;308 mm<br \/>\n5 mm-es gerinc<br \/>\n4 oldalas<br \/>\nk\u00e9t f\u00fcles<\/p>\n<p>[\/vc_column_text][vc_column_text el_class=&#8221;letoltes&#8221;]<a href=\"https:\/\/epcnyomda.hu\/wp-content\/uploads\/2022\/09\/5.-219x308mm_4oldalas_2fules.pdf\" target=\"_blank\" rel=\"noopener\">Let\u00f6lt\u00e9s<\/a>[\/vc_column_text][\/vc_column][vc_column width=&#8221;1\/3&#8243; el_class=&#8221;stancbox&#8221;][vc_single_image image=&#8221;617&#8243; img_size=&#8221;full&#8221; css=&#8221;.vc_custom_1662980981811{padding-top: 15px !important;padding-right: 15px !important;padding-bottom: 15px !important;padding-left: 15px !important;background-color: #ffffff !important;}&#8221;][vc_column_text el_class=&#8221;txt&#8221;]<\/p>\n<p style=\"text-align: center;\"><strong>Nr 6<\/strong><br \/>\n220&#215;310 mm<br \/>\n6 mm-es gerinc<br \/>\n1 n\u00e9vjegytart\u00f3<br \/>\n4 oldalas<br \/>\nb\u00fajtat\u00f3s f\u00fcl<\/p>\n<p>[\/vc_column_text][vc_column_text el_class=&#8221;letoltes&#8221;]<a href=\"https:\/\/epcnyomda.hu\/wp-content\/uploads\/2022\/09\/6.-220x310mm_4oldalas_2osszeakado_fules.pdf\" target=\"_blank\" rel=\"noopener\">Let\u00f6lt\u00e9s<\/a>[\/vc_column_text][\/vc_column][\/vc_row][vc_row gap=&#8221;30&#8243; equal_height=&#8221;yes&#8221; content_placement=&#8221;top&#8221;][vc_column width=&#8221;1\/3&#8243; el_class=&#8221;stancbox&#8221;][vc_single_image image=&#8221;616&#8243; img_size=&#8221;full&#8221; css=&#8221;.vc_custom_1662980992034{padding-top: 15px !important;padding-right: 15px !important;padding-bottom: 15px !important;padding-left: 15px !important;background-color: #ffffff !important;}&#8221;][vc_column_text el_class=&#8221;txt&#8221;]<\/p>\n<p style=\"text-align: center;\"><strong>Nr 7<\/strong><br \/>\n230&#215;322 mm<br \/>\n1 n\u00e9vjegytart\u00f3<br \/>\n4 oldalas<br \/>\nalulr\u00f3l felhajl\u00f3 f\u00fcl<\/p>\n<p>[\/vc_column_text][vc_column_text el_class=&#8221;letoltes&#8221;]<a href=\"https:\/\/epcnyomda.hu\/wp-content\/uploads\/2022\/09\/7.-230x322mm_4oldalas_alulrolfelhajlo_zsebes.pdf\" target=\"_blank\" rel=\"noopener\">Let\u00f6lt\u00e9s<\/a>[\/vc_column_text][\/vc_column][vc_column width=&#8221;1\/3&#8243; el_class=&#8221;stancbox&#8221;][vc_single_image image=&#8221;615&#8243; img_size=&#8221;full&#8221; css=&#8221;.vc_custom_1662981007707{padding-top: 15px !important;padding-right: 15px !important;padding-bottom: 15px !important;padding-left: 15px !important;background-color: #ffffff !important;}&#8221;][vc_column_text el_class=&#8221;txt&#8221;]<\/p>\n<p style=\"text-align: center;\"><strong>Nr 8<\/strong><br \/>\n220&#215;310 mm<br \/>\n40 mm-es gerinc<br \/>\n4 oldalas<br \/>\nfelhajt\u00f3s zseb<\/p>\n<p>[\/vc_column_text][vc_column_text el_class=&#8221;letoltes&#8221;]<a href=\"https:\/\/epcnyomda.hu\/wp-content\/uploads\/2022\/09\/8.-220x310mm_4oldalas_3fules_1zsebes_4x10mm_gerinc.pdf\" target=\"_blank\" rel=\"noopener\">Let\u00f6lt\u00e9s<\/a>[\/vc_column_text][\/vc_column][vc_column width=&#8221;1\/3&#8243; el_class=&#8221;stancbox&#8221;][vc_single_image image=&#8221;614&#8243; img_size=&#8221;full&#8221; css=&#8221;.vc_custom_1662981016992{padding-top: 15px !important;padding-right: 15px !important;padding-bottom: 15px !important;padding-left: 15px !important;background-color: #ffffff !important;}&#8221;][vc_column_text el_class=&#8221;txt&#8221;]<\/p>\n<p style=\"text-align: center;\"><strong>Nr 9<\/strong><br \/>\n220&#215;320 mm<br \/>\n5 mm-es gerinc<br \/>\n6 oldalas<br \/>\nalulr\u00f3l felhajl\u00f3 f\u00fcl<\/p>\n<p>[\/vc_column_text][vc_column_text el_class=&#8221;letoltes&#8221;]<a href=\"https:\/\/epcnyomda.hu\/wp-content\/uploads\/2022\/09\/9.-220x320mm_6oldalas_kozepalulrolfules.pdf\" target=\"_blank\" rel=\"noopener\">Let\u00f6lt\u00e9s<\/a>[\/vc_column_text][\/vc_column][\/vc_row][vc_row gap=&#8221;30&#8243; equal_height=&#8221;yes&#8221; content_placement=&#8221;top&#8221;][vc_column width=&#8221;1\/3&#8243; el_class=&#8221;stancbox&#8221;][vc_single_image image=&#8221;613&#8243; img_size=&#8221;full&#8221; css=&#8221;.vc_custom_1662981029528{padding-top: 15px !important;padding-right: 15px !important;padding-bottom: 15px !important;padding-left: 15px !important;background-color: #ffffff !important;}&#8221;][vc_column_text el_class=&#8221;txt&#8221;]<\/p>\n<p style=\"text-align: center;\"><strong>Nr 10<\/strong><br \/>\n212&#215;305 mm<br \/>\n5 mm-es gerinc<br \/>\n1 n\u00e9vjegytart\u00f3<br \/>\n4 oldalas<br \/>\nb\u00fajtat\u00f3s f\u00fcl<\/p>\n<p>[\/vc_column_text][vc_column_text el_class=&#8221;letoltes&#8221;]<a href=\"https:\/\/epcnyomda.hu\/wp-content\/uploads\/2022\/09\/10.-212x305mm_4oldalas_2osszeakadofules.pdf\" target=\"_blank\" rel=\"noopener\">Let\u00f6lt\u00e9s<\/a>[\/vc_column_text][\/vc_column][vc_column width=&#8221;1\/3&#8243; el_class=&#8221;stancbox&#8221;][vc_single_image image=&#8221;612&#8243; img_size=&#8221;full&#8221; css=&#8221;.vc_custom_1662981037133{padding-top: 15px !important;padding-right: 15px !important;padding-bottom: 15px !important;padding-left: 15px !important;background-color: #ffffff !important;}&#8221;][vc_column_text el_class=&#8221;txt&#8221;]<\/p>\n<p style=\"text-align: center;\"><strong>Nr 11<\/strong><br \/>\n218&#215;305 mm<br \/>\n10 mm-es gerinc<br \/>\n2 n\u00e9vjegytart\u00f3<br \/>\n4 oldalas<br \/>\ndupla alulr\u00f3l felhajl\u00f3 zseb<\/p>\n<p>[\/vc_column_text][vc_column_text el_class=&#8221;letoltes&#8221;]<a href=\"https:\/\/epcnyomda.hu\/wp-content\/uploads\/2022\/09\/11.-218x305mm_4oldalas_2alulrolzsebes_CDs_njtartos.pdf\" target=\"_blank\" rel=\"noopener\">Let\u00f6lt\u00e9s<\/a>[\/vc_column_text][\/vc_column][vc_column width=&#8221;1\/3&#8243; el_class=&#8221;stancbox&#8221;][vc_single_image image=&#8221;611&#8243; img_size=&#8221;full&#8221; css=&#8221;.vc_custom_1662981045516{padding-top: 15px !important;padding-right: 15px !important;padding-bottom: 15px !important;padding-left: 15px !important;background-color: #ffffff !important;}&#8221;][vc_column_text el_class=&#8221;txt&#8221;]<\/p>\n<p style=\"text-align: center;\"><strong>Nr 12<\/strong><br \/>\n219&#215;310 mm<br \/>\n15 mm-es gerinc<br \/>\n6 oldalas<br \/>\nalulr\u00f3l felhajl\u00f3 f\u00fcl<\/p>\n<p>[\/vc_column_text][vc_column_text el_class=&#8221;letoltes&#8221;]<a href=\"https:\/\/epcnyomda.hu\/wp-content\/uploads\/2022\/09\/12.-219x310mm_4oldalas_2fules_3x5mm_gerincu.pdf\" target=\"_blank\" rel=\"noopener\">Let\u00f6lt\u00e9s<\/a>[\/vc_column_text][\/vc_column][\/vc_row][vc_row gap=&#8221;30&#8243; equal_height=&#8221;yes&#8221; content_placement=&#8221;top&#8221;][vc_column width=&#8221;1\/3&#8243; el_class=&#8221;stancbox&#8221;][vc_single_image image=&#8221;610&#8243; img_size=&#8221;full&#8221; css=&#8221;.vc_custom_1662981052705{padding-top: 15px !important;padding-right: 15px !important;padding-bottom: 15px !important;padding-left: 15px !important;background-color: #ffffff !important;}&#8221;][vc_column_text el_class=&#8221;txt&#8221;]<\/p>\n<p style=\"text-align: center;\"><strong>Nr 13<\/strong><br \/>\n220&#215;310 mm<br \/>\n1 n\u00e9vjegytart\u00f3<br \/>\n4 oldalas<br \/>\nfelhajt\u00f3s zseb<\/p>\n<p>[\/vc_column_text][vc_column_text el_class=&#8221;letoltes&#8221;]<a href=\"https:\/\/epcnyomda.hu\/wp-content\/uploads\/2022\/09\/13.-220x310mm_4oldalas_alulrolzsebes_njtartos.pdf\" target=\"_blank\" rel=\"noopener\">Let\u00f6lt\u00e9s<\/a>[\/vc_column_text][\/vc_column][vc_column width=&#8221;1\/3&#8243; el_class=&#8221;stancbox&#8221;][vc_single_image image=&#8221;609&#8243; img_size=&#8221;full&#8221; css=&#8221;.vc_custom_1662981058941{padding-top: 15px !important;padding-right: 15px !important;padding-bottom: 15px !important;padding-left: 15px !important;background-color: #ffffff !important;}&#8221;][vc_column_text el_class=&#8221;txt&#8221;]<\/p>\n<p style=\"text-align: center;\"><strong>Nr 14<\/strong><br \/>\n215&#215;302 mm<br \/>\n4 oldalas<br \/>\nfelhajt\u00f3s zseb<\/p>\n<p>[\/vc_column_text][vc_column_text el_class=&#8221;letoltes&#8221;]<a href=\"https:\/\/epcnyomda.hu\/wp-content\/uploads\/2022\/09\/14.-215x302mm_4oldalas_alulrolzsebes_njtartos.pdf\" target=\"_blank\" rel=\"noopener\">Let\u00f6lt\u00e9s<\/a>[\/vc_column_text][\/vc_column][vc_column width=&#8221;1\/3&#8243; el_class=&#8221;stancbox&#8221;][vc_single_image image=&#8221;608&#8243; img_size=&#8221;full&#8221; css=&#8221;.vc_custom_1662981092548{padding-top: 15px !important;padding-right: 15px !important;padding-bottom: 15px !important;padding-left: 15px !important;background-color: #ffffff !important;}&#8221;][vc_column_text el_class=&#8221;txt&#8221;]<\/p>\n<p style=\"text-align: center;\"><strong>Nr 15<\/strong><br \/>\n220&#215;305 mm<br \/>\n6 oldalas<br \/>\nfelhajt\u00f3s zseb<\/p>\n<p>[\/vc_column_text][vc_column_text el_class=&#8221;letoltes&#8221;]<a href=\"https:\/\/epcnyomda.hu\/wp-content\/uploads\/2022\/09\/15.-220x305mm_6oldalas_kozepalulrolzsebes.pdf\" target=\"_blank\" rel=\"noopener\">Let\u00f6lt\u00e9s<\/a>[\/vc_column_text][\/vc_column][\/vc_row][vc_row gap=&#8221;30&#8243; equal_height=&#8221;yes&#8221; content_placement=&#8221;top&#8221;][vc_column width=&#8221;1\/3&#8243; el_class=&#8221;stancbox&#8221;][vc_single_image image=&#8221;607&#8243; img_size=&#8221;full&#8221; css=&#8221;.vc_custom_1662981101268{padding-top: 15px !important;padding-right: 15px !important;padding-bottom: 15px !important;padding-left: 15px !important;background-color: #ffffff !important;}&#8221;][vc_column_text el_class=&#8221;txt&#8221;]<\/p>\n<p style=\"text-align: center;\"><strong>Nr 16<\/strong><br \/>\n219&#215;311 mm<br \/>\n15 mm-es gerinc<br \/>\n6 oldalas<br \/>\nfelhajt\u00f3s zseb<\/p>\n<p>[\/vc_column_text][vc_column_text el_class=&#8221;letoltes&#8221;]<a href=\"https:\/\/epcnyomda.hu\/wp-content\/uploads\/2022\/09\/16.-219x311mm_4oldalas_2fules_3x5mm_gerincu.pdf\" target=\"_blank\" rel=\"noopener\">Let\u00f6lt\u00e9s<\/a>[\/vc_column_text][\/vc_column][vc_column width=&#8221;1\/3&#8243; el_class=&#8221;stancbox&#8221;][vc_single_image image=&#8221;606&#8243; img_size=&#8221;full&#8221; css=&#8221;.vc_custom_1662981108634{padding-top: 15px !important;padding-right: 15px !important;padding-bottom: 15px !important;padding-left: 15px !important;background-color: #ffffff !important;}&#8221;][vc_column_text el_class=&#8221;txt&#8221;]<\/p>\n<p style=\"text-align: center;\"><strong>Nr 17<\/strong><br \/>\n153&#215;215 mm<br \/>\n5 mm-es gerinc<br \/>\n4 oldalas<br \/>\nalul, fel\u00fcl f\u00fcles<\/p>\n<p>[\/vc_column_text][vc_column_text el_class=&#8221;letoltes&#8221;]<a href=\"https:\/\/epcnyomda.hu\/wp-content\/uploads\/2022\/09\/17.-153x215mm_4oldalas_3osszeakadofullel.pdf\" target=\"_blank\" rel=\"noopener\">Let\u00f6lt\u00e9s<\/a>[\/vc_column_text][\/vc_column][vc_column width=&#8221;1\/3&#8243; el_class=&#8221;stancbox&#8221;][vc_single_image image=&#8221;605&#8243; img_size=&#8221;full&#8221; css=&#8221;.vc_custom_1662981115956{padding-top: 15px !important;padding-right: 15px !important;padding-bottom: 15px !important;padding-left: 15px !important;background-color: #ffffff !important;}&#8221;][vc_column_text el_class=&#8221;txt&#8221;]<\/p>\n<p style=\"text-align: center;\"><strong>Nr 18<\/strong><br \/>\n215&#215;300 mm<br \/>\n1 n\u00e9vjegytart\u00f3<br \/>\n4 oldalas<br \/>\nb\u00fajtat\u00f3s f\u00fcl<\/p>\n<p>[\/vc_column_text][vc_column_text el_class=&#8221;letoltes&#8221;]<a href=\"https:\/\/epcnyomda.hu\/wp-content\/uploads\/2022\/09\/18.-215x300mm_4oldalas_B3bol_nyomhato_2osszeakadofules_njtartos.pdf\" target=\"_blank\" rel=\"noopener\">Let\u00f6lt\u00e9s<\/a>[\/vc_column_text][\/vc_column][\/vc_row]<\/p>","protected":false},"excerpt":{"rendered":"<p>[vc_row css=&#8221;.vc_custom_1662979400171{margin-top: 35px !important;margin-bottom: 35px !important;}&#8221;][vc_column][vc_custom_heading source=&#8221;post_title&#8221; font_container=&#8221;tag:h3|text_align:left&#8221; use_theme_fonts=&#8221;yes&#8221;][\/vc_column][\/vc_row][vc_row gap=&#8221;30&#8243; equal_height=&#8221;yes&#8221; content_placement=&#8221;top&#8221;][vc_column width=&#8221;1\/3&#8243; el_class=&#8221;stancbox&#8221;][vc_single_image image=&#8221;622&#8243; img_size=&#8221;full&#8221; css=&#8221;.vc_custom_1662979009051{padding: 15px !important;background-color: #ffffff !important;}&#8221;][vc_column_text el_class=&#8221;txt&#8221;] Nr 1 220&#215;310 mm 6 mm-es gerinc 1 n\u00e9vjegytart\u00f3 4 oldalas b\u00fajtat\u00f3s f\u00fcl [\/vc_column_text][vc_column_text el_class=&#8221;letoltes&#8221;]Let\u00f6lt\u00e9s[\/vc_column_text][\/vc_column][vc_column width=&#8221;1\/3&#8243; el_class=&#8221;stancbox&#8221;][vc_single_image image=&#8221;621&#8243; img_size=&#8221;full&#8221; css=&#8221;.vc_custom_1662980949063{padding-top: 15px !important;padding-right: 15px !important;padding-bottom: 15px !important;padding-left: 15px !important;background-color: #ffffff !important;}&#8221;][vc_column_text el_class=&#8221;txt&#8221;] Nr 2&hellip;<\/p>\n","protected":false},"author":3,"featured_media":0,"parent":0,"menu_order":0,"comment_status":"closed","ping_status":"closed","template":"","meta":{"footnotes":""},"class_list":["post-603","page","type-page","status-publish","hentry"],"acf":[],"yoast_head":"<!-- This site is optimized with the Yoast SEO plugin v19.10 - https:\/\/yoast.com\/wordpress\/plugins\/seo\/ -->\n<title>Stancrajzok - EPC Nyomda<\/title>\n<meta name=\"robots\" content=\"index, follow, max-snippet:-1, max-image-preview:large, max-video-preview:-1\" \/>\n<link rel=\"canonical\" href=\"https:\/\/epcnyomda.hu\/stancrajzok\/\" \/>\n<meta property=\"og:locale\" content=\"en_US\" \/>\n<meta property=\"og:type\" content=\"article\" \/>\n<meta property=\"og:title\" content=\"Stancrajzok - EPC Nyomda\" \/>\n<meta property=\"og:description\" content=\"[vc_row css=&#8221;.vc_custom_1662979400171{margin-top: 35px !important;margin-bottom: 35px !important;}&#8221;][vc_column][vc_custom_heading source=&#8221;post_title&#8221; font_container=&#8221;tag:h3|text_align:left&#8221; use_theme_fonts=&#8221;yes&#8221;][\/vc_column][\/vc_row][vc_row gap=&#8221;30&#8243; equal_height=&#8221;yes&#8221; content_placement=&#8221;top&#8221;][vc_column width=&#8221;1\/3&#8243; el_class=&#8221;stancbox&#8221;][vc_single_image image=&#8221;622&#8243; img_size=&#8221;full&#8221; css=&#8221;.vc_custom_1662979009051{padding: 15px !important;background-color: #ffffff !important;}&#8221;][vc_column_text el_class=&#8221;txt&#8221;] Nr 1 220&#215;310 mm 6 mm-es gerinc 1 n\u00e9vjegytart\u00f3 4 oldalas b\u00fajtat\u00f3s f\u00fcl [\/vc_column_text][vc_column_text el_class=&#8221;letoltes&#8221;]Let\u00f6lt\u00e9s[\/vc_column_text][\/vc_column][vc_column width=&#8221;1\/3&#8243; el_class=&#8221;stancbox&#8221;][vc_single_image image=&#8221;621&#8243; img_size=&#8221;full&#8221; css=&#8221;.vc_custom_1662980949063{padding-top: 15px !important;padding-right: 15px !important;padding-bottom: 15px !important;padding-left: 15px !important;background-color: #ffffff !important;}&#8221;][vc_column_text el_class=&#8221;txt&#8221;] Nr 2&hellip;\" \/>\n<meta property=\"og:url\" content=\"https:\/\/epcnyomda.hu\/stancrajzok\/\" \/>\n<meta property=\"og:site_name\" content=\"EPC Nyomda\" \/>\n<meta property=\"article:modified_time\" content=\"2023-05-09T08:49:59+00:00\" \/>\n<meta name=\"twitter:card\" content=\"summary_large_image\" \/>\n<meta name=\"twitter:label1\" content=\"Est. reading time\" \/>\n\t<meta name=\"twitter:data1\" content=\"4 minutes\" \/>\n<script type=\"application\/ld+json\" class=\"yoast-schema-graph\">{\"@context\":\"https:\/\/schema.org\",\"@graph\":[{\"@type\":\"WebPage\",\"@id\":\"https:\/\/epcnyomda.hu\/stancrajzok\/\",\"url\":\"https:\/\/epcnyomda.hu\/stancrajzok\/\",\"name\":\"Stancrajzok - EPC Nyomda\",\"isPartOf\":{\"@id\":\"https:\/\/epcnyomda.hu\/#website\"},\"datePublished\":\"2022-09-12T10:38:04+00:00\",\"dateModified\":\"2023-05-09T08:49:59+00:00\",\"inLanguage\":\"en-US\",\"potentialAction\":[{\"@type\":\"ReadAction\",\"target\":[\"https:\/\/epcnyomda.hu\/stancrajzok\/\"]}]},{\"@type\":\"WebSite\",\"@id\":\"https:\/\/epcnyomda.hu\/#website\",\"url\":\"https:\/\/epcnyomda.hu\/\",\"name\":\"EPC Nyomda\",\"description\":\"A Te nyomd\u00e1d!\",\"potentialAction\":[{\"@type\":\"SearchAction\",\"target\":{\"@type\":\"EntryPoint\",\"urlTemplate\":\"https:\/\/epcnyomda.hu\/?s={search_term_string}\"},\"query-input\":\"required name=search_term_string\"}],\"inLanguage\":\"en-US\"}]}<\/script>\n<!-- \/ Yoast SEO plugin. -->","yoast_head_json":{"title":"Stancrajzok - EPC Nyomda","robots":{"index":"index","follow":"follow","max-snippet":"max-snippet:-1","max-image-preview":"max-image-preview:large","max-video-preview":"max-video-preview:-1"},"canonical":"https:\/\/epcnyomda.hu\/stancrajzok\/","og_locale":"en_US","og_type":"article","og_title":"Stancrajzok - EPC Nyomda","og_description":"[vc_row css=&#8221;.vc_custom_1662979400171{margin-top: 35px !important;margin-bottom: 35px !important;}&#8221;][vc_column][vc_custom_heading source=&#8221;post_title&#8221; font_container=&#8221;tag:h3|text_align:left&#8221; use_theme_fonts=&#8221;yes&#8221;][\/vc_column][\/vc_row][vc_row gap=&#8221;30&#8243; equal_height=&#8221;yes&#8221; content_placement=&#8221;top&#8221;][vc_column width=&#8221;1\/3&#8243; el_class=&#8221;stancbox&#8221;][vc_single_image image=&#8221;622&#8243; img_size=&#8221;full&#8221; css=&#8221;.vc_custom_1662979009051{padding: 15px !important;background-color: #ffffff !important;}&#8221;][vc_column_text el_class=&#8221;txt&#8221;] Nr 1 220&#215;310 mm 6 mm-es gerinc 1 n\u00e9vjegytart\u00f3 4 oldalas b\u00fajtat\u00f3s f\u00fcl [\/vc_column_text][vc_column_text el_class=&#8221;letoltes&#8221;]Let\u00f6lt\u00e9s[\/vc_column_text][\/vc_column][vc_column width=&#8221;1\/3&#8243; el_class=&#8221;stancbox&#8221;][vc_single_image image=&#8221;621&#8243; img_size=&#8221;full&#8221; css=&#8221;.vc_custom_1662980949063{padding-top: 15px !important;padding-right: 15px !important;padding-bottom: 15px !important;padding-left: 15px !important;background-color: #ffffff !important;}&#8221;][vc_column_text el_class=&#8221;txt&#8221;] Nr 2&hellip;","og_url":"https:\/\/epcnyomda.hu\/stancrajzok\/","og_site_name":"EPC Nyomda","article_modified_time":"2023-05-09T08:49:59+00:00","twitter_card":"summary_large_image","twitter_misc":{"Est. reading time":"4 minutes"},"schema":{"@context":"https:\/\/schema.org","@graph":[{"@type":"WebPage","@id":"https:\/\/epcnyomda.hu\/stancrajzok\/","url":"https:\/\/epcnyomda.hu\/stancrajzok\/","name":"Stancrajzok - EPC Nyomda","isPartOf":{"@id":"https:\/\/epcnyomda.hu\/#website"},"datePublished":"2022-09-12T10:38:04+00:00","dateModified":"2023-05-09T08:49:59+00:00","inLanguage":"en-US","potentialAction":[{"@type":"ReadAction","target":["https:\/\/epcnyomda.hu\/stancrajzok\/"]}]},{"@type":"WebSite","@id":"https:\/\/epcnyomda.hu\/#website","url":"https:\/\/epcnyomda.hu\/","name":"EPC Nyomda","description":"A Te nyomd\u00e1d!","potentialAction":[{"@type":"SearchAction","target":{"@type":"EntryPoint","urlTemplate":"https:\/\/epcnyomda.hu\/?s={search_term_string}"},"query-input":"required name=search_term_string"}],"inLanguage":"en-US"}]}},"_links":{"self":[{"href":"https:\/\/epcnyomda.hu\/en\/wp-json\/wp\/v2\/pages\/603","targetHints":{"allow":["GET"]}}],"collection":[{"href":"https:\/\/epcnyomda.hu\/en\/wp-json\/wp\/v2\/pages"}],"about":[{"href":"https:\/\/epcnyomda.hu\/en\/wp-json\/wp\/v2\/types\/page"}],"author":[{"embeddable":true,"href":"https:\/\/epcnyomda.hu\/en\/wp-json\/wp\/v2\/users\/3"}],"replies":[{"embeddable":true,"href":"https:\/\/epcnyomda.hu\/en\/wp-json\/wp\/v2\/comments?post=603"}],"version-history":[{"count":18,"href":"https:\/\/epcnyomda.hu\/en\/wp-json\/wp\/v2\/pages\/603\/revisions"}],"predecessor-version":[{"id":771,"href":"https:\/\/epcnyomda.hu\/en\/wp-json\/wp\/v2\/pages\/603\/revisions\/771"}],"wp:attachment":[{"href":"https:\/\/epcnyomda.hu\/en\/wp-json\/wp\/v2\/media?parent=603"}],"curies":[{"name":"wp","href":"https:\/\/api.w.org\/{rel}","templated":true}]}}