{"id":46,"date":"2021-03-29T06:19:21","date_gmt":"2021-03-29T06:19:21","guid":{"rendered":"https:\/\/epcnyomda.hu\/?page_id=46"},"modified":"2026-01-08T09:55:31","modified_gmt":"2026-01-08T09:55:31","slug":"munkatarsaink","status":"publish","type":"page","link":"https:\/\/epcnyomda.hu\/en\/munkatarsaink\/","title":{"rendered":"Our Colleagues"},"content":{"rendered":"<p>[vc_row full_width=&#8221;stretch_row&#8221; css=&#8221;.vc_custom_1661167051025{margin-bottom: 0px !important;padding-top: 50px !important;padding-bottom: 50px !important;background-image: url(https:\/\/epcnyomda.hu\/wp-content\/uploads\/2021\/03\/bucher_bd_slider2.jpg?id=35) !important;background-position: center !important;background-repeat: no-repeat !important;background-size: cover !important;}&#8221;][vc_column width=&#8221;1\/2&#8243;][\/vc_column][vc_column width=&#8221;1\/2&#8243; css=&#8221;.vc_custom_1661329246508{margin-top: 55px !important;margin-bottom: 15px !important;margin-left: 15px !important;padding-top: 35px !important;padding-right: 35px !important;padding-bottom: 35px !important;padding-left: 35px !important;background-color: #ffffff !important;}&#8221; el_class=&#8221;rolunk-box&#8221;][vc_column_text]<\/p>\n<h1>Our staff<\/h1>\n<p>On this page you will find the contact details of our staff.[\/vc_column_text][\/vc_column][\/vc_row][vc_row css=&#8221;.vc_custom_1661329240928{margin-top: 35px !important;}&#8221;][vc_column][vc_column_text]<\/p>\n<h3>Office<\/h3>\n<div class=\"kapcsolati-karttya\"><\/div>\n<div class=\"kapcsolati-karttya\"><strong>L\u00e1szl\u00f3 M\u00e9sz\u00e1ros<\/strong><br \/>\nCEO &#8211; director of production<br \/>\n<a href=\"tel:+36-20-972-4255\">+36-20-972-4255<\/a><\/div>\n<div class=\"kapcsolati-karttya\"><strong>Attila Szigeti<\/strong><br \/>\nCEO &#8211; director of sales<br \/>\n<a href=\"tel:+36-20-934-4302\">+36-20-934-4302<\/a><\/div>\n<div class=\"kapcsolati-karttya\"><strong>Tam\u00e1s Szalai<\/strong><br \/>\npre-production<br \/>\n<a href=\"tel:+36-20-375-9870\">+36-20-375-9870<\/a><\/div>\n<div class=\"kapcsolati-karttya\"><strong>Szilvia Matusch<\/strong><br \/>\npre-production<br \/>\n<a href=\"tel:+36-20-569-7244\">+36-20-569-7244<\/a><\/div>\n<div class=\"kapcsolati-karttya\"><strong>Judit Nagy<\/strong><br \/>\ncalculator<br \/>\n<a href=\"tel:+36-30-931-2595\">+36-30-931-2595<\/a><\/div>\n<div class=\"kapcsolati-karttya\"><\/div>\n<h3>CTP<\/h3>\n<div class=\"kapcsolati-karttya\">\n<p><strong>J\u00e1nos B\u00faza<\/strong><br \/>\nCTP operator<br \/>\n<a href=\"tel:+36-20-487-0337\">+36-20-487-0337<\/a><\/p>\n<h3><\/h3>\n<\/div>\n<h3>Bindery<\/h3>\n<div class=\"kapcsolati-karttya\">\n<p><strong>S\u00e1ndor V\u00e9gh<\/strong><br \/>\nbindery manager<br \/>\n<a href=\"tel:+36-20-315-4565\">+36-20-315-4565<\/a><\/p>\n<\/div>\n<h3>Digital printing<\/h3>\n<div class=\"kapcsolati-karttya\">\n<p><strong>J\u00f3zsef T\u00e1bori<\/strong><br \/>\ndigital print manager<br \/>\n<a href=\"tel:+36-70-367-7540\">+36-70-367-7540<\/a><\/p>\n<\/div>\n<h3>Finance<\/h3>\n<div class=\"kapcsolati-karttya\">\n<p><strong>Julianna B\u00f6rcs<\/strong><br \/>\nfinancial manager<br \/>\n<a href=\"tel:+36 20 911-3361\">+36 20 911-3361<\/a><\/p>\n<\/div>\n<h3>Logistics<\/h3>\n<div class=\"kapcsolati-karttya\">\n<p><strong>Zsolt M\u00e9sz\u00e1ros<\/strong><br \/>\nlogistics manager<br \/>\n<a href=\"tel:+36 20 661-5595\">+36 20 661-5595<\/a><\/p>\n<\/div>\n<p>[\/vc_column_text][vc_column_text]<\/p>\n<h3 id=\"grafikusok\">Graphic designers<\/h3>\n<div class=\"kapcsolati-karttya\"><strong>M\u00f3ni Kaszta<\/strong><br \/>\nPublication design, Packaging design, Exhibition design<br \/>\n<a href=\"http:\/\/www.arkasdesign.hu\" target=\"_blank\" rel=\"noopener\">www.arkasdesign.hu<\/a><br \/>\n<a href=\"mailto:kasztamoni@arkasdesign.hu\" target=\"_blank\" rel=\"noopener\">kasztamoni@arkasdesign.hu<\/a><br \/>\n<a href=\"tel:+36702265858\">+36 70 226 5858<\/a><\/div>\n<div class=\"kapcsolati-karttya\"><strong>Zal\u00e1n P\u00e9ter Sal\u00e1t<\/strong><br \/>\nBook designer, graphic design, art direction<br \/>\n<a href=\"http:\/\/lead82.works\/\" target=\"_blank\" rel=\"noopener\">www.lead82.works<\/a><br \/>\n<a href=\"mailto:salat.zalan.peter@gmail.com\" target=\"_blank\" rel=\"noopener\">salat.zalan.peter@gmail.com<\/a><br \/>\n<a href=\"tel:+36302507724\">+36 30 250 7724<\/a><\/div>\n<div class=\"kapcsolati-karttya\"><strong>Mil\u00e1n Prischetzky<\/strong><br \/>\nPublication design, Corporate identity design<br \/>\n<a href=\"https:\/\/www.behance.net\/miloburo\" target=\"_blank\" rel=\"noopener\">www.behance.net\/miloburo<\/a><br \/>\n<a href=\"mailto:milanprisch@gmail.com\" target=\"_blank\" rel=\"noopener\">milanprisch@gmail.com<\/a><br \/>\n<a href=\"tel:+36202333033\">+36 20 233 3033<\/a><\/div>\n<p>[\/vc_column_text][\/vc_column][\/vc_row]<\/p>","protected":false},"excerpt":{"rendered":"<p>[vc_row full_width=&#8221;stretch_row&#8221; css=&#8221;.vc_custom_1661167051025{margin-bottom: 0px !important;padding-top: 50px !important;padding-bottom: 50px !important;background-image: url(https:\/\/epcnyomda.hu\/wp-content\/uploads\/2021\/03\/bucher_bd_slider2.jpg?id=35) !important;background-position: center !important;background-repeat: no-repeat !important;background-size: cover !important;}&#8221;][vc_column width=&#8221;1\/2&#8243;][\/vc_column][vc_column width=&#8221;1\/2&#8243; css=&#8221;.vc_custom_1661329246508{margin-top: 55px !important;margin-bottom: 15px !important;margin-left: 15px !important;padding-top: 35px !important;padding-right: 35px !important;padding-bottom: 35px !important;padding-left: 35px !important;background-color: #ffffff !important;}&#8221; el_class=&#8221;rolunk-box&#8221;][vc_column_text] Our staff On this page you will find the contact details of our staff.[\/vc_column_text][\/vc_column][\/vc_row][vc_row css=&#8221;.vc_custom_1661329240928{margin-top: 35px !important;}&#8221;][vc_column][vc_column_text] Office&hellip;<\/p>\n","protected":false},"author":1,"featured_media":0,"parent":0,"menu_order":0,"comment_status":"closed","ping_status":"closed","template":"","meta":{"footnotes":""},"class_list":["post-46","page","type-page","status-publish","hentry"],"acf":[],"yoast_head":"<!-- This site is optimized with the Yoast SEO plugin v19.10 - https:\/\/yoast.com\/wordpress\/plugins\/seo\/ -->\n<title>Our Colleagues - EPC Nyomda<\/title>\n<meta name=\"robots\" content=\"index, follow, max-snippet:-1, max-image-preview:large, max-video-preview:-1\" \/>\n<link rel=\"canonical\" href=\"https:\/\/epcnyomda.hu\/munkatarsaink\/\" \/>\n<meta property=\"og:locale\" content=\"en_US\" \/>\n<meta property=\"og:type\" content=\"article\" \/>\n<meta property=\"og:title\" content=\"[:hu]Munkat\u00e1rsaink[:en]Our Colleagues[:] - EPC Nyomda\" \/>\n<meta property=\"og:description\" content=\"[vc_row full_width=&#8221;stretch_row&#8221; css=&#8221;.vc_custom_1661167051025{margin-bottom: 0px !important;padding-top: 50px !important;padding-bottom: 50px !important;background-image: url(https:\/\/epcnyomda.hu\/wp-content\/uploads\/2021\/03\/bucher_bd_slider2.jpg?id=35) !important;background-position: center !important;background-repeat: no-repeat !important;background-size: cover !important;}&#8221;][vc_column width=&#8221;1\/2&#8243;][\/vc_column][vc_column width=&#8221;1\/2&#8243; css=&#8221;.vc_custom_1661329246508{margin-top: 55px !important;margin-bottom: 15px !important;margin-left: 15px !important;padding-top: 35px !important;padding-right: 35px !important;padding-bottom: 35px !important;padding-left: 35px !important;background-color: #ffffff !important;}&#8221; el_class=&#8221;rolunk-box&#8221;][vc_column_text] Our staff On this page you will find the contact details of our staff.[\/vc_column_text][\/vc_column][\/vc_row][vc_row css=&#8221;.vc_custom_1661329240928{margin-top: 35px !important;}&#8221;][vc_column][vc_column_text] Office&hellip;\" \/>\n<meta property=\"og:url\" content=\"https:\/\/epcnyomda.hu\/munkatarsaink\/\" \/>\n<meta property=\"og:site_name\" content=\"EPC Nyomda\" \/>\n<meta property=\"article:modified_time\" content=\"2026-01-08T09:55:31+00:00\" \/>\n<meta name=\"twitter:card\" content=\"summary_large_image\" \/>\n<meta name=\"twitter:label1\" content=\"Est. reading time\" \/>\n\t<meta name=\"twitter:data1\" content=\"2 minutes\" \/>\n<script type=\"application\/ld+json\" class=\"yoast-schema-graph\">{\"@context\":\"https:\/\/schema.org\",\"@graph\":[{\"@type\":\"WebPage\",\"@id\":\"https:\/\/epcnyomda.hu\/munkatarsaink\/\",\"url\":\"https:\/\/epcnyomda.hu\/munkatarsaink\/\",\"name\":\"[:hu]Munkat\u00e1rsaink[:en]Our Colleagues[:] - EPC Nyomda\",\"isPartOf\":{\"@id\":\"https:\/\/epcnyomda.hu\/#website\"},\"datePublished\":\"2021-03-29T06:19:21+00:00\",\"dateModified\":\"2026-01-08T09:55:31+00:00\",\"inLanguage\":\"en-US\",\"potentialAction\":[{\"@type\":\"ReadAction\",\"target\":[\"https:\/\/epcnyomda.hu\/munkatarsaink\/\"]}]},{\"@type\":\"WebSite\",\"@id\":\"https:\/\/epcnyomda.hu\/#website\",\"url\":\"https:\/\/epcnyomda.hu\/\",\"name\":\"EPC Nyomda\",\"description\":\"A Te nyomd\u00e1d!\",\"potentialAction\":[{\"@type\":\"SearchAction\",\"target\":{\"@type\":\"EntryPoint\",\"urlTemplate\":\"https:\/\/epcnyomda.hu\/?s={search_term_string}\"},\"query-input\":\"required name=search_term_string\"}],\"inLanguage\":\"en-US\"}]}<\/script>\n<!-- \/ Yoast SEO plugin. -->","yoast_head_json":{"title":"[:hu]Munkat\u00e1rsaink[:en]Our Colleagues[:] - EPC Nyomda","robots":{"index":"index","follow":"follow","max-snippet":"max-snippet:-1","max-image-preview":"max-image-preview:large","max-video-preview":"max-video-preview:-1"},"canonical":"https:\/\/epcnyomda.hu\/munkatarsaink\/","og_locale":"en_US","og_type":"article","og_title":"[:hu]Munkat\u00e1rsaink[:en]Our Colleagues[:] - EPC Nyomda","og_description":"[vc_row full_width=&#8221;stretch_row&#8221; css=&#8221;.vc_custom_1661167051025{margin-bottom: 0px !important;padding-top: 50px !important;padding-bottom: 50px !important;background-image: url(https:\/\/epcnyomda.hu\/wp-content\/uploads\/2021\/03\/bucher_bd_slider2.jpg?id=35) !important;background-position: center !important;background-repeat: no-repeat !important;background-size: cover !important;}&#8221;][vc_column width=&#8221;1\/2&#8243;][\/vc_column][vc_column width=&#8221;1\/2&#8243; css=&#8221;.vc_custom_1661329246508{margin-top: 55px !important;margin-bottom: 15px !important;margin-left: 15px !important;padding-top: 35px !important;padding-right: 35px !important;padding-bottom: 35px !important;padding-left: 35px !important;background-color: #ffffff !important;}&#8221; el_class=&#8221;rolunk-box&#8221;][vc_column_text] Our staff On this page you will find the contact details of our staff.[\/vc_column_text][\/vc_column][\/vc_row][vc_row css=&#8221;.vc_custom_1661329240928{margin-top: 35px !important;}&#8221;][vc_column][vc_column_text] Office&hellip;","og_url":"https:\/\/epcnyomda.hu\/munkatarsaink\/","og_site_name":"EPC Nyomda","article_modified_time":"2026-01-08T09:55:31+00:00","twitter_card":"summary_large_image","twitter_misc":{"Est. reading time":"2 minutes"},"schema":{"@context":"https:\/\/schema.org","@graph":[{"@type":"WebPage","@id":"https:\/\/epcnyomda.hu\/munkatarsaink\/","url":"https:\/\/epcnyomda.hu\/munkatarsaink\/","name":"[:hu]Munkat\u00e1rsaink[:en]Our Colleagues[:] - EPC Nyomda","isPartOf":{"@id":"https:\/\/epcnyomda.hu\/#website"},"datePublished":"2021-03-29T06:19:21+00:00","dateModified":"2026-01-08T09:55:31+00:00","inLanguage":"en-US","potentialAction":[{"@type":"ReadAction","target":["https:\/\/epcnyomda.hu\/munkatarsaink\/"]}]},{"@type":"WebSite","@id":"https:\/\/epcnyomda.hu\/#website","url":"https:\/\/epcnyomda.hu\/","name":"EPC Nyomda","description":"A Te nyomd\u00e1d!","potentialAction":[{"@type":"SearchAction","target":{"@type":"EntryPoint","urlTemplate":"https:\/\/epcnyomda.hu\/?s={search_term_string}"},"query-input":"required name=search_term_string"}],"inLanguage":"en-US"}]}},"_links":{"self":[{"href":"https:\/\/epcnyomda.hu\/en\/wp-json\/wp\/v2\/pages\/46","targetHints":{"allow":["GET"]}}],"collection":[{"href":"https:\/\/epcnyomda.hu\/en\/wp-json\/wp\/v2\/pages"}],"about":[{"href":"https:\/\/epcnyomda.hu\/en\/wp-json\/wp\/v2\/types\/page"}],"author":[{"embeddable":true,"href":"https:\/\/epcnyomda.hu\/en\/wp-json\/wp\/v2\/users\/1"}],"replies":[{"embeddable":true,"href":"https:\/\/epcnyomda.hu\/en\/wp-json\/wp\/v2\/comments?post=46"}],"version-history":[{"count":58,"href":"https:\/\/epcnyomda.hu\/en\/wp-json\/wp\/v2\/pages\/46\/revisions"}],"predecessor-version":[{"id":844,"href":"https:\/\/epcnyomda.hu\/en\/wp-json\/wp\/v2\/pages\/46\/revisions\/844"}],"wp:attachment":[{"href":"https:\/\/epcnyomda.hu\/en\/wp-json\/wp\/v2\/media?parent=46"}],"curies":[{"name":"wp","href":"https:\/\/api.w.org\/{rel}","templated":true}]}}