{"id":274,"date":"2022-03-21T18:25:49","date_gmt":"2022-03-21T18:25:49","guid":{"rendered":"https:\/\/epcnyomda.hu\/?page_id=274"},"modified":"2025-07-17T16:55:09","modified_gmt":"2025-07-17T16:55:09","slug":"palyazat","status":"publish","type":"page","link":"https:\/\/epcnyomda.hu\/en\/palyazat\/","title":{"rendered":"P\u00e1ly\u00e1zat"},"content":{"rendered":"<p>[vc_row full_width=&#8221;stretch_row&#8221; content_placement=&#8221;middle&#8221; css=&#8221;.vc_custom_1661328872918{background-image: url(https:\/\/epcnyomda.hu\/wp-content\/uploads\/2022\/08\/HV_100-1.png?id=428) !important;background-position: center !important;background-repeat: no-repeat !important;background-size: cover !important;}&#8221;][vc_column width=&#8221;1\/2&#8243;][\/vc_column][vc_column width=&#8221;1\/2&#8243; css=&#8221;.vc_custom_1661328855462{margin-top: 55px !important;margin-bottom: 35px !important;margin-left: 25px !important;padding-top: 15px !important;padding-right: 15px !important;padding-bottom: 0px !important;padding-left: 15px !important;background-color: #ffffff !important;}&#8221; el_id=&#8221;rolunk-box&#8221;][vc_column_text]<\/p>\n<h1>Kapacit\u00e1sb\u0151v\u00edt\u00e9si \u00e9s hat\u00e9konys\u00e1gn\u00f6vel\u00e9si beruh\u00e1z\u00e1s az Electroprodukt Kft-n\u00e9l<img loading=\"lazy\" decoding=\"async\" class=\"wp-image-290 size-full alignleft\" src=\"https:\/\/epcnyomda.hu\/wp-content\/uploads\/2022\/07\/palyazat_kep.jpg\" alt=\"\" width=\"522\" height=\"128\" srcset=\"https:\/\/epcnyomda.hu\/wp-content\/uploads\/2022\/07\/palyazat_kep.jpg 522w, https:\/\/epcnyomda.hu\/wp-content\/uploads\/2022\/07\/palyazat_kep-300x74.jpg 300w, https:\/\/epcnyomda.hu\/wp-content\/uploads\/2022\/07\/palyazat_kep-480x118.jpg 480w\" sizes=\"auto, (max-width: 522px) 100vw, 522px\" \/><\/h1>\n<p>A 178,9 milli\u00f3 forint \u00f6sszk\u00f6lts\u00e9g\u0171 projekt sor\u00e1n a buda\u00f6rsi c\u00e9g az \u00e9p\u00fcletb\u0151v\u00edt\u00e9sen t\u00fal, az eszk\u00f6zparkj\u00e1t is fejlesztette.[\/vc_column_text][\/vc_column][\/vc_row][vc_row css=&#8221;.vc_custom_1661328850688{margin-top: 35px !important;}&#8221;][vc_column][vc_column_text]Az Elektroproduct Kft. a Gazdas\u00e1gfejleszt\u00e9si \u00e9s Innov\u00e1ci\u00f3s Operat\u00edv Program Plusz \u00e1ltal meghirdetett A GINOP_PLUSZ-1.2.3-21-<br \/>\n2022-03964 az Eur\u00f3pai Uni\u00f3 t\u00e1rsfinansz\u00edroz\u00e1s\u00e1val megval\u00f3sult felh\u00edv\u00e1s keret\u00e9ben 89.495.920 Ft vissza nem t\u00e9r\u00edtend\u0151 eur\u00f3pai uni\u00f3s t\u00e1mogat\u00e1st nyert el.<\/p>\n<p>A fejleszt\u00e9s 2022. janu\u00e1r 28-\u00e1n indult \u00e9s a fizikai befejez\u00e9s\u00e9nek napja 2023. j\u00fanius 13.<\/p>\n<p>A folyamatosan b\u0151v\u00fcl\u0151 megrendel\u00e9sek miatt kialakult logisztikai neh\u00e9zs\u00e9gek megold\u00e1s\u00e1ra az Elektroproduct Kft. brutt\u00f3 480 n\u00e9gyzetm\u00e9ternyi \u00e9p\u00fcletb\u0151v\u00edt\u00e9st fog megval\u00f3s\u00edtani az elk\u00f6vetkezend\u0151 id\u0151szakban.<\/p>\n<p>Az \u00faj \u00e9p\u00fcletr\u00e9sz fels\u0151 szintj\u00e9n lesz tal\u00e1lhat\u00f3 a nyomda irod\u00e1ja, egy nyitott, erk\u00e9llyel rendelkez\u0151 \u00e9tkez\u0151vel egy\u00fctt. Az als\u00f3 szinten, az el\u0151bbiekben eml\u00edtett logisztikai komplik\u00e1ci\u00f3k megsz\u00fcntet\u00e9s\u00e9nek c\u00e9lj\u00e1b\u00f3l, egy nagy pap\u00edr rakt\u00e1r fog helyet foglalni.<\/p>\n<p>A r\u00e9gi irodar\u00e9szt a hat\u00e9konys\u00e1gn\u00f6vel\u00e9s megseg\u00edt\u00e9se k\u00e9ppen \u00e1talak\u00edtj\u00e1k \u00e9s a termel\u0151 \u00fczemr\u00e9szhez kapcsolj\u00e1k. A megl\u00e9v\u0151 Horizon ragaszt\u00f3k\u00f6t\u0151 g\u00e9pet egy \u00fajonnan v\u00e1s\u00e1rolt Horizon CV8-3 sz\u00e1ll\u00edt\u00f3szalag seg\u00edts\u00e9g\u00e9vel \u00f6sszekapcsolj\u00e1k a szint\u00e9n Horizon m\u00e1rk\u00e1j\u00fa v\u00e1g\u00f3g\u00e9ppel, \u00edgy n\u00f6velve a k\u00f6nyvk\u00f6t\u00e9szet gyorsas\u00e1g\u00e1t \u00e9s a termel\u00e9s maximaliz\u00e1l\u00e1st.<\/p>\n<p>Ugyanebben a teremben foglal helyet egy 12 \u00e1llom\u00e1sos Horizon \u00f6sszehord\u00f3 g\u00e9p, melyet a c\u00e9g \u00fajabb 6 \u00e1llom\u00e1sos Horizon MG 600b-vel fog b\u0151v\u00edteni. Ennek k\u00f6vetkezm\u00e9nyek\u00e9ppen a t\u00f6bb oldalsz\u00e1mos k\u00f6nyvek bel\u00edveit egyszerre k\u00e9pesek lesznek \u00f6sszehordani, ezzel meggyors\u00edtva a teljes munkafolyamatot.<\/p>\n<p>Ezenfel\u00fcl, a szint\u00e9n megn\u00f6vekedett digit\u00e1lis nyomtat\u00e1si megkeres\u00e9sek miatt egy Xerox PrimeLink B9125 digit\u00e1lis nyomdag\u00e9pet is fognak v\u00e1s\u00e1rolni, mellyel a perszonaliz\u00e1l\u00e1st, a sorsz\u00e1moz\u00e1st, a megszem\u00e9lyes\u00edt\u00e9st, valamint az egysz\u00ednes megrendel\u00e9seket is k\u00e9pesek lesznek elk\u00e9sz\u00edteni.<\/p>\n<p>Az Elektroproduct Kft. a kezdetek \u00f3ta nagy hangs\u00falyt fektet \u00f6kol\u00e1bnyom\u00e1nak minimaliz\u00e1l\u00e1s\u00e1ra \u00e9s a z\u00f6ldenergia hasznos\u00edt\u00e1s\u00e1ra. Ez\u00e9rt d\u00f6nt\u00f6tt \u00fagy, hogy a t\u00e1mogat\u00e1s egy r\u00e9sz\u00e9t 50 kWp-es napelemes rendszer felszerel\u00e9s\u00e9re \u00e9s be\u00fczemel\u00e9s\u00e9re ford\u00edtja, ezzel is cs\u00f6kkentve a hagyom\u00e1nyos energiafelhaszn\u00e1l\u00e1st.<\/p>\n<p>A technikai- \u00e9s \u00e9p\u00fcletb\u0151v\u00edt\u00e9si fejleszt\u00e9sek mellett a c\u00e9g nyelvi k\u00e9pz\u00e9sben, valamint szakmai tan\u00e1csad\u00e1sban is r\u00e9szt vesz a t\u00e1mogat\u00e1snak k\u00f6sz\u00f6nhet\u0151en.[\/vc_column_text][\/vc_column][\/vc_row]<\/p>","protected":false},"excerpt":{"rendered":"<p>[vc_row full_width=&#8221;stretch_row&#8221; content_placement=&#8221;middle&#8221; css=&#8221;.vc_custom_1661328872918{background-image: url(https:\/\/epcnyomda.hu\/wp-content\/uploads\/2022\/08\/HV_100-1.png?id=428) !important;background-position: center !important;background-repeat: no-repeat !important;background-size: cover !important;}&#8221;][vc_column width=&#8221;1\/2&#8243;][\/vc_column][vc_column width=&#8221;1\/2&#8243; css=&#8221;.vc_custom_1661328855462{margin-top: 55px !important;margin-bottom: 35px !important;margin-left: 25px !important;padding-top: 15px !important;padding-right: 15px !important;padding-bottom: 0px !important;padding-left: 15px !important;background-color: #ffffff !important;}&#8221; el_id=&#8221;rolunk-box&#8221;][vc_column_text] Kapacit\u00e1sb\u0151v\u00edt\u00e9si \u00e9s hat\u00e9konys\u00e1gn\u00f6vel\u00e9si beruh\u00e1z\u00e1s az Electroprodukt Kft-n\u00e9l A 178,9 milli\u00f3 forint \u00f6sszk\u00f6lts\u00e9g\u0171 projekt sor\u00e1n a buda\u00f6rsi c\u00e9g az \u00e9p\u00fcletb\u0151v\u00edt\u00e9sen t\u00fal, az eszk\u00f6zparkj\u00e1t is&hellip;<\/p>\n","protected":false},"author":1,"featured_media":0,"parent":0,"menu_order":0,"comment_status":"closed","ping_status":"closed","template":"","meta":{"footnotes":""},"class_list":["post-274","page","type-page","status-publish","hentry"],"acf":[],"yoast_head":"<!-- This site is optimized with the Yoast SEO plugin v19.10 - https:\/\/yoast.com\/wordpress\/plugins\/seo\/ -->\n<title>P\u00e1ly\u00e1zat - EPC Nyomda<\/title>\n<meta name=\"robots\" content=\"index, follow, max-snippet:-1, max-image-preview:large, max-video-preview:-1\" \/>\n<link rel=\"canonical\" href=\"https:\/\/epcnyomda.hu\/palyazat\/\" \/>\n<meta property=\"og:locale\" content=\"en_US\" \/>\n<meta property=\"og:type\" content=\"article\" \/>\n<meta property=\"og:title\" content=\"P\u00e1ly\u00e1zat - EPC Nyomda\" \/>\n<meta property=\"og:description\" content=\"[vc_row full_width=&#8221;stretch_row&#8221; content_placement=&#8221;middle&#8221; css=&#8221;.vc_custom_1661328872918{background-image: url(https:\/\/epcnyomda.hu\/wp-content\/uploads\/2022\/08\/HV_100-1.png?id=428) !important;background-position: center !important;background-repeat: no-repeat !important;background-size: cover !important;}&#8221;][vc_column width=&#8221;1\/2&#8243;][\/vc_column][vc_column width=&#8221;1\/2&#8243; css=&#8221;.vc_custom_1661328855462{margin-top: 55px !important;margin-bottom: 35px !important;margin-left: 25px !important;padding-top: 15px !important;padding-right: 15px !important;padding-bottom: 0px !important;padding-left: 15px !important;background-color: #ffffff !important;}&#8221; el_id=&#8221;rolunk-box&#8221;][vc_column_text] Kapacit\u00e1sb\u0151v\u00edt\u00e9si \u00e9s hat\u00e9konys\u00e1gn\u00f6vel\u00e9si beruh\u00e1z\u00e1s az Electroprodukt Kft-n\u00e9l A 178,9 milli\u00f3 forint \u00f6sszk\u00f6lts\u00e9g\u0171 projekt sor\u00e1n a buda\u00f6rsi c\u00e9g az \u00e9p\u00fcletb\u0151v\u00edt\u00e9sen t\u00fal, az eszk\u00f6zparkj\u00e1t is&hellip;\" \/>\n<meta property=\"og:url\" content=\"https:\/\/epcnyomda.hu\/palyazat\/\" \/>\n<meta property=\"og:site_name\" content=\"EPC Nyomda\" \/>\n<meta property=\"article:modified_time\" content=\"2025-07-17T16:55:09+00:00\" \/>\n<meta property=\"og:image\" content=\"https:\/\/epcnyomda.hu\/wp-content\/uploads\/2025\/07\/Picture1-300x78.jpg\" \/>\n<meta name=\"twitter:card\" content=\"summary_large_image\" \/>\n<meta name=\"twitter:label1\" content=\"Est. reading time\" \/>\n\t<meta name=\"twitter:data1\" content=\"4 minutes\" \/>\n<script type=\"application\/ld+json\" class=\"yoast-schema-graph\">{\"@context\":\"https:\/\/schema.org\",\"@graph\":[{\"@type\":\"WebPage\",\"@id\":\"https:\/\/epcnyomda.hu\/palyazat\/\",\"url\":\"https:\/\/epcnyomda.hu\/palyazat\/\",\"name\":\"P\u00e1ly\u00e1zat - EPC Nyomda\",\"isPartOf\":{\"@id\":\"https:\/\/epcnyomda.hu\/#website\"},\"datePublished\":\"2022-03-21T18:25:49+00:00\",\"dateModified\":\"2025-07-17T16:55:09+00:00\",\"inLanguage\":\"en-US\",\"potentialAction\":[{\"@type\":\"ReadAction\",\"target\":[\"https:\/\/epcnyomda.hu\/palyazat\/\"]}]},{\"@type\":\"WebSite\",\"@id\":\"https:\/\/epcnyomda.hu\/#website\",\"url\":\"https:\/\/epcnyomda.hu\/\",\"name\":\"EPC Nyomda\",\"description\":\"A Te nyomd\u00e1d!\",\"potentialAction\":[{\"@type\":\"SearchAction\",\"target\":{\"@type\":\"EntryPoint\",\"urlTemplate\":\"https:\/\/epcnyomda.hu\/?s={search_term_string}\"},\"query-input\":\"required name=search_term_string\"}],\"inLanguage\":\"en-US\"}]}<\/script>\n<!-- \/ Yoast SEO plugin. -->","yoast_head_json":{"title":"P\u00e1ly\u00e1zat - EPC Nyomda","robots":{"index":"index","follow":"follow","max-snippet":"max-snippet:-1","max-image-preview":"max-image-preview:large","max-video-preview":"max-video-preview:-1"},"canonical":"https:\/\/epcnyomda.hu\/palyazat\/","og_locale":"en_US","og_type":"article","og_title":"P\u00e1ly\u00e1zat - EPC Nyomda","og_description":"[vc_row full_width=&#8221;stretch_row&#8221; content_placement=&#8221;middle&#8221; css=&#8221;.vc_custom_1661328872918{background-image: url(https:\/\/epcnyomda.hu\/wp-content\/uploads\/2022\/08\/HV_100-1.png?id=428) !important;background-position: center !important;background-repeat: no-repeat !important;background-size: cover !important;}&#8221;][vc_column width=&#8221;1\/2&#8243;][\/vc_column][vc_column width=&#8221;1\/2&#8243; css=&#8221;.vc_custom_1661328855462{margin-top: 55px !important;margin-bottom: 35px !important;margin-left: 25px !important;padding-top: 15px !important;padding-right: 15px !important;padding-bottom: 0px !important;padding-left: 15px !important;background-color: #ffffff !important;}&#8221; el_id=&#8221;rolunk-box&#8221;][vc_column_text] Kapacit\u00e1sb\u0151v\u00edt\u00e9si \u00e9s hat\u00e9konys\u00e1gn\u00f6vel\u00e9si beruh\u00e1z\u00e1s az Electroprodukt Kft-n\u00e9l A 178,9 milli\u00f3 forint \u00f6sszk\u00f6lts\u00e9g\u0171 projekt sor\u00e1n a buda\u00f6rsi c\u00e9g az \u00e9p\u00fcletb\u0151v\u00edt\u00e9sen t\u00fal, az eszk\u00f6zparkj\u00e1t is&hellip;","og_url":"https:\/\/epcnyomda.hu\/palyazat\/","og_site_name":"EPC Nyomda","article_modified_time":"2025-07-17T16:55:09+00:00","og_image":[{"url":"https:\/\/epcnyomda.hu\/wp-content\/uploads\/2025\/07\/Picture1-300x78.jpg"}],"twitter_card":"summary_large_image","twitter_misc":{"Est. reading time":"4 minutes"},"schema":{"@context":"https:\/\/schema.org","@graph":[{"@type":"WebPage","@id":"https:\/\/epcnyomda.hu\/palyazat\/","url":"https:\/\/epcnyomda.hu\/palyazat\/","name":"P\u00e1ly\u00e1zat - EPC Nyomda","isPartOf":{"@id":"https:\/\/epcnyomda.hu\/#website"},"datePublished":"2022-03-21T18:25:49+00:00","dateModified":"2025-07-17T16:55:09+00:00","inLanguage":"en-US","potentialAction":[{"@type":"ReadAction","target":["https:\/\/epcnyomda.hu\/palyazat\/"]}]},{"@type":"WebSite","@id":"https:\/\/epcnyomda.hu\/#website","url":"https:\/\/epcnyomda.hu\/","name":"EPC Nyomda","description":"A Te nyomd\u00e1d!","potentialAction":[{"@type":"SearchAction","target":{"@type":"EntryPoint","urlTemplate":"https:\/\/epcnyomda.hu\/?s={search_term_string}"},"query-input":"required name=search_term_string"}],"inLanguage":"en-US"}]}},"_links":{"self":[{"href":"https:\/\/epcnyomda.hu\/en\/wp-json\/wp\/v2\/pages\/274","targetHints":{"allow":["GET"]}}],"collection":[{"href":"https:\/\/epcnyomda.hu\/en\/wp-json\/wp\/v2\/pages"}],"about":[{"href":"https:\/\/epcnyomda.hu\/en\/wp-json\/wp\/v2\/types\/page"}],"author":[{"embeddable":true,"href":"https:\/\/epcnyomda.hu\/en\/wp-json\/wp\/v2\/users\/1"}],"replies":[{"embeddable":true,"href":"https:\/\/epcnyomda.hu\/en\/wp-json\/wp\/v2\/comments?post=274"}],"version-history":[{"count":31,"href":"https:\/\/epcnyomda.hu\/en\/wp-json\/wp\/v2\/pages\/274\/revisions"}],"predecessor-version":[{"id":842,"href":"https:\/\/epcnyomda.hu\/en\/wp-json\/wp\/v2\/pages\/274\/revisions\/842"}],"wp:attachment":[{"href":"https:\/\/epcnyomda.hu\/en\/wp-json\/wp\/v2\/media?parent=274"}],"curies":[{"name":"wp","href":"https:\/\/api.w.org\/{rel}","templated":true}]}}