{"id":249,"date":"2021-06-29T19:06:56","date_gmt":"2021-06-29T19:06:56","guid":{"rendered":"https:\/\/epcnyomda.hu\/?page_id=249"},"modified":"2021-06-29T19:06:57","modified_gmt":"2021-06-29T19:06:57","slug":"249-2","status":"publish","type":"page","link":"https:\/\/epcnyomda.hu\/en\/249-2\/","title":{"rendered":"Min\u0151s\u00e9gbiztos\u00edt\u00e1s"},"content":{"rendered":"<p>[et_pb_section fb_built=&#8221;1&#8243; _builder_version=&#8221;4.9.7&#8243; _module_preset=&#8221;default&#8221;][et_pb_row _builder_version=&#8221;4.9.7&#8243; _module_preset=&#8221;default&#8221; column_structure=&#8221;2_5,3_5&#8243;][et_pb_column _builder_version=&#8221;4.9.7&#8243; _module_preset=&#8221;default&#8221; type=&#8221;2_5&#8243;][et_pb_image src=&#8221;https:\/\/epcnyomda.hu\/wp-content\/uploads\/2021\/06\/epc_alak-2.png&#8221; _builder_version=&#8221;4.9.7&#8243; _module_preset=&#8221;default&#8221; title_text=&#8221;epc_alak-2&#8243; hover_enabled=&#8221;0&#8243; sticky_enabled=&#8221;0&#8243;][\/et_pb_image][\/et_pb_column][et_pb_column _builder_version=&#8221;4.9.7&#8243; _module_preset=&#8221;default&#8221; type=&#8221;3_5&#8243;][et_pb_text _builder_version=&#8221;4.9.7&#8243; _module_preset=&#8221;default&#8221; hover_enabled=&#8221;0&#8243; sticky_enabled=&#8221;0&#8243;]<\/p>\n<h2>Min\u0151s\u00e9gbiztos\u00edt\u00e1s<\/h2>\n<p>[\/et_pb_text][et_pb_text _builder_version=&#8221;4.9.7&#8243; _module_preset=&#8221;default&#8221; hover_enabled=&#8221;0&#8243; sticky_enabled=&#8221;0&#8243;]<\/p>\n<p>A folyamatos magas min\u0151s\u00e9g fenntart\u00e1sa \u00e9s a k\u00f6rnyezeti terhel\u00e9s minim\u00e1lisra cs\u00f6kkent\u00e9s\u00e9nek \u00e9s ez\u00e1ltal a k\u00f6rnyezet v\u00e9delm\u00e9nek \u00e9rdek\u00e9ben vezett\u00fck be \u00e9s m\u0171k\u00f6dtej\u00fck 2000 \u00f3ta a most is aktu\u00e1lis ISO 9001\/2009 min\u0151s\u00e9g\u00fcgyi \u00e9s az ISO 14001\/2005 k\u00f6rnyezettudatos ir\u00e1ny\u00edt\u00e1si rendszereket, melyeket k\u00fcls\u0151 tan\u00fas\u00edt\u00f3 c\u00e9ggel folyamatosan fel\u00fclvizsg\u00e1ltatunk \u00e9s t\u00f6k\u00e9letes\u00edttet\u00fcnk.<\/p>\n<p>Az ehhez kidolgozott bels\u0151 elj\u00e1r\u00e1si utas\u00edt\u00e1sok \u00e9s h\u00e1zi szabv\u00e1nyok szint\u00e9n hozz\u00e1j\u00e1rulnak a mind t\u00f6k\u00e9letesebb \u00e9s hibamentes munkav\u00e9gz\u00e9shez, a k\u00f6rnyezet k\u00e1ros\u00edt\u00e1sa n\u00e9lk\u00fcl, megrendel\u0151ink teljes megel\u00e9ged\u00e9s\u00e9re.<\/p>\n<p>2010 \u00f3ta az ISO 12647-2 szabv\u00e1ny szerint tan\u00fas\u00edtott \u00e9s fenntartott sz\u00ednh\u0171 \u00e9s magas min\u0151s\u00e9g\u0171 nyomtat\u00e1st is m\u0171k\u00f6dtetj\u00fck.<\/p>\n<p>FSC\u00ae tan\u00fas\u00edt\u00e1sunk licesz k\u00f3dja: <strong>FSC-C126909<\/strong><\/p>\n<p>[\/et_pb_text][\/et_pb_column][\/et_pb_row][\/et_pb_section]<\/p>\n","protected":false},"excerpt":{"rendered":"<p>[et_pb_section fb_built=&#8221;1&#8243; _builder_version=&#8221;4.9.7&#8243; _module_preset=&#8221;default&#8221;][et_pb_row _builder_version=&#8221;4.9.7&#8243; _module_preset=&#8221;default&#8221; column_structure=&#8221;2_5,3_5&#8243;][et_pb_column _builder_version=&#8221;4.9.7&#8243; _module_preset=&#8221;default&#8221; type=&#8221;2_5&#8243;][et_pb_image src=&#8221;https:\/\/epcnyomda.hu\/wp-content\/uploads\/2021\/06\/epc_alak-2.png&#8221; _builder_version=&#8221;4.9.7&#8243; _module_preset=&#8221;default&#8221; title_text=&#8221;epc_alak-2&#8243; hover_enabled=&#8221;0&#8243; sticky_enabled=&#8221;0&#8243;][\/et_pb_image][\/et_pb_column][et_pb_column _builder_version=&#8221;4.9.7&#8243; _module_preset=&#8221;default&#8221; type=&#8221;3_5&#8243;][et_pb_text _builder_version=&#8221;4.9.7&#8243; _module_preset=&#8221;default&#8221; hover_enabled=&#8221;0&#8243; sticky_enabled=&#8221;0&#8243;] Min\u0151s\u00e9gbiztos\u00edt\u00e1s [\/et_pb_text][et_pb_text _builder_version=&#8221;4.9.7&#8243; _module_preset=&#8221;default&#8221; hover_enabled=&#8221;0&#8243; sticky_enabled=&#8221;0&#8243;] A folyamatos magas min\u0151s\u00e9g fenntart\u00e1sa \u00e9s a k\u00f6rnyezeti terhel\u00e9s minim\u00e1lisra cs\u00f6kkent\u00e9s\u00e9nek \u00e9s ez\u00e1ltal a k\u00f6rnyezet v\u00e9delm\u00e9nek \u00e9rdek\u00e9ben vezett\u00fck be \u00e9s m\u0171k\u00f6dtej\u00fck 2000 \u00f3ta a most is&hellip;<\/p>\n","protected":false},"author":1,"featured_media":0,"parent":0,"menu_order":0,"comment_status":"closed","ping_status":"closed","template":"","meta":{"footnotes":""},"class_list":["post-249","page","type-page","status-publish","hentry"],"acf":[],"yoast_head":"<!-- This site is optimized with the Yoast SEO plugin v19.10 - https:\/\/yoast.com\/wordpress\/plugins\/seo\/ -->\n<title>Min\u0151s\u00e9gbiztos\u00edt\u00e1s - EPC Nyomda<\/title>\n<meta name=\"robots\" content=\"index, follow, max-snippet:-1, max-image-preview:large, max-video-preview:-1\" \/>\n<link rel=\"canonical\" href=\"https:\/\/epcnyomda.hu\/249-2\/\" \/>\n<meta property=\"og:locale\" content=\"en_US\" \/>\n<meta property=\"og:type\" content=\"article\" \/>\n<meta property=\"og:title\" content=\"Min\u0151s\u00e9gbiztos\u00edt\u00e1s - EPC Nyomda\" \/>\n<meta property=\"og:description\" content=\"[et_pb_section fb_built=&#8221;1&#8243; _builder_version=&#8221;4.9.7&#8243; _module_preset=&#8221;default&#8221;][et_pb_row _builder_version=&#8221;4.9.7&#8243; _module_preset=&#8221;default&#8221; column_structure=&#8221;2_5,3_5&#8243;][et_pb_column _builder_version=&#8221;4.9.7&#8243; _module_preset=&#8221;default&#8221; type=&#8221;2_5&#8243;][et_pb_image src=&#8221;https:\/\/epcnyomda.hu\/wp-content\/uploads\/2021\/06\/epc_alak-2.png&#8221; _builder_version=&#8221;4.9.7&#8243; _module_preset=&#8221;default&#8221; title_text=&#8221;epc_alak-2&#8243; hover_enabled=&#8221;0&#8243; sticky_enabled=&#8221;0&#8243;][\/et_pb_image][\/et_pb_column][et_pb_column _builder_version=&#8221;4.9.7&#8243; _module_preset=&#8221;default&#8221; type=&#8221;3_5&#8243;][et_pb_text _builder_version=&#8221;4.9.7&#8243; _module_preset=&#8221;default&#8221; hover_enabled=&#8221;0&#8243; sticky_enabled=&#8221;0&#8243;] Min\u0151s\u00e9gbiztos\u00edt\u00e1s [\/et_pb_text][et_pb_text _builder_version=&#8221;4.9.7&#8243; _module_preset=&#8221;default&#8221; hover_enabled=&#8221;0&#8243; sticky_enabled=&#8221;0&#8243;] A folyamatos magas min\u0151s\u00e9g fenntart\u00e1sa \u00e9s a k\u00f6rnyezeti terhel\u00e9s minim\u00e1lisra cs\u00f6kkent\u00e9s\u00e9nek \u00e9s ez\u00e1ltal a k\u00f6rnyezet v\u00e9delm\u00e9nek \u00e9rdek\u00e9ben vezett\u00fck be \u00e9s m\u0171k\u00f6dtej\u00fck 2000 \u00f3ta a most is&hellip;\" \/>\n<meta property=\"og:url\" content=\"https:\/\/epcnyomda.hu\/249-2\/\" \/>\n<meta property=\"og:site_name\" content=\"EPC Nyomda\" \/>\n<meta property=\"article:modified_time\" content=\"2021-06-29T19:06:57+00:00\" \/>\n<meta name=\"twitter:card\" content=\"summary_large_image\" \/>\n<script type=\"application\/ld+json\" class=\"yoast-schema-graph\">{\"@context\":\"https:\/\/schema.org\",\"@graph\":[{\"@type\":\"WebPage\",\"@id\":\"https:\/\/epcnyomda.hu\/249-2\/\",\"url\":\"https:\/\/epcnyomda.hu\/249-2\/\",\"name\":\"Min\u0151s\u00e9gbiztos\u00edt\u00e1s - EPC Nyomda\",\"isPartOf\":{\"@id\":\"https:\/\/epcnyomda.hu\/#website\"},\"datePublished\":\"2021-06-29T19:06:56+00:00\",\"dateModified\":\"2021-06-29T19:06:57+00:00\",\"inLanguage\":\"en-US\",\"potentialAction\":[{\"@type\":\"ReadAction\",\"target\":[\"https:\/\/epcnyomda.hu\/249-2\/\"]}]},{\"@type\":\"WebSite\",\"@id\":\"https:\/\/epcnyomda.hu\/#website\",\"url\":\"https:\/\/epcnyomda.hu\/\",\"name\":\"EPC Nyomda\",\"description\":\"A Te nyomd\u00e1d!\",\"potentialAction\":[{\"@type\":\"SearchAction\",\"target\":{\"@type\":\"EntryPoint\",\"urlTemplate\":\"https:\/\/epcnyomda.hu\/?s={search_term_string}\"},\"query-input\":\"required name=search_term_string\"}],\"inLanguage\":\"en-US\"}]}<\/script>\n<!-- \/ Yoast SEO plugin. -->","yoast_head_json":{"title":"Min\u0151s\u00e9gbiztos\u00edt\u00e1s - EPC Nyomda","robots":{"index":"index","follow":"follow","max-snippet":"max-snippet:-1","max-image-preview":"max-image-preview:large","max-video-preview":"max-video-preview:-1"},"canonical":"https:\/\/epcnyomda.hu\/249-2\/","og_locale":"en_US","og_type":"article","og_title":"Min\u0151s\u00e9gbiztos\u00edt\u00e1s - EPC Nyomda","og_description":"[et_pb_section fb_built=&#8221;1&#8243; _builder_version=&#8221;4.9.7&#8243; _module_preset=&#8221;default&#8221;][et_pb_row _builder_version=&#8221;4.9.7&#8243; _module_preset=&#8221;default&#8221; column_structure=&#8221;2_5,3_5&#8243;][et_pb_column _builder_version=&#8221;4.9.7&#8243; _module_preset=&#8221;default&#8221; type=&#8221;2_5&#8243;][et_pb_image src=&#8221;https:\/\/epcnyomda.hu\/wp-content\/uploads\/2021\/06\/epc_alak-2.png&#8221; _builder_version=&#8221;4.9.7&#8243; _module_preset=&#8221;default&#8221; title_text=&#8221;epc_alak-2&#8243; hover_enabled=&#8221;0&#8243; sticky_enabled=&#8221;0&#8243;][\/et_pb_image][\/et_pb_column][et_pb_column _builder_version=&#8221;4.9.7&#8243; _module_preset=&#8221;default&#8221; type=&#8221;3_5&#8243;][et_pb_text _builder_version=&#8221;4.9.7&#8243; _module_preset=&#8221;default&#8221; hover_enabled=&#8221;0&#8243; sticky_enabled=&#8221;0&#8243;] Min\u0151s\u00e9gbiztos\u00edt\u00e1s [\/et_pb_text][et_pb_text _builder_version=&#8221;4.9.7&#8243; _module_preset=&#8221;default&#8221; hover_enabled=&#8221;0&#8243; sticky_enabled=&#8221;0&#8243;] A folyamatos magas min\u0151s\u00e9g fenntart\u00e1sa \u00e9s a k\u00f6rnyezeti terhel\u00e9s minim\u00e1lisra cs\u00f6kkent\u00e9s\u00e9nek \u00e9s ez\u00e1ltal a k\u00f6rnyezet v\u00e9delm\u00e9nek \u00e9rdek\u00e9ben vezett\u00fck be \u00e9s m\u0171k\u00f6dtej\u00fck 2000 \u00f3ta a most is&hellip;","og_url":"https:\/\/epcnyomda.hu\/249-2\/","og_site_name":"EPC Nyomda","article_modified_time":"2021-06-29T19:06:57+00:00","twitter_card":"summary_large_image","schema":{"@context":"https:\/\/schema.org","@graph":[{"@type":"WebPage","@id":"https:\/\/epcnyomda.hu\/249-2\/","url":"https:\/\/epcnyomda.hu\/249-2\/","name":"Min\u0151s\u00e9gbiztos\u00edt\u00e1s - EPC Nyomda","isPartOf":{"@id":"https:\/\/epcnyomda.hu\/#website"},"datePublished":"2021-06-29T19:06:56+00:00","dateModified":"2021-06-29T19:06:57+00:00","inLanguage":"en-US","potentialAction":[{"@type":"ReadAction","target":["https:\/\/epcnyomda.hu\/249-2\/"]}]},{"@type":"WebSite","@id":"https:\/\/epcnyomda.hu\/#website","url":"https:\/\/epcnyomda.hu\/","name":"EPC Nyomda","description":"A Te nyomd\u00e1d!","potentialAction":[{"@type":"SearchAction","target":{"@type":"EntryPoint","urlTemplate":"https:\/\/epcnyomda.hu\/?s={search_term_string}"},"query-input":"required name=search_term_string"}],"inLanguage":"en-US"}]}},"_links":{"self":[{"href":"https:\/\/epcnyomda.hu\/en\/wp-json\/wp\/v2\/pages\/249","targetHints":{"allow":["GET"]}}],"collection":[{"href":"https:\/\/epcnyomda.hu\/en\/wp-json\/wp\/v2\/pages"}],"about":[{"href":"https:\/\/epcnyomda.hu\/en\/wp-json\/wp\/v2\/types\/page"}],"author":[{"embeddable":true,"href":"https:\/\/epcnyomda.hu\/en\/wp-json\/wp\/v2\/users\/1"}],"replies":[{"embeddable":true,"href":"https:\/\/epcnyomda.hu\/en\/wp-json\/wp\/v2\/comments?post=249"}],"version-history":[{"count":3,"href":"https:\/\/epcnyomda.hu\/en\/wp-json\/wp\/v2\/pages\/249\/revisions"}],"predecessor-version":[{"id":253,"href":"https:\/\/epcnyomda.hu\/en\/wp-json\/wp\/v2\/pages\/249\/revisions\/253"}],"wp:attachment":[{"href":"https:\/\/epcnyomda.hu\/en\/wp-json\/wp\/v2\/media?parent=249"}],"curies":[{"name":"wp","href":"https:\/\/api.w.org\/{rel}","templated":true}]}}