{"id":221,"date":"2021-06-29T18:33:11","date_gmt":"2021-06-29T18:33:11","guid":{"rendered":"https:\/\/epcnyomda.hu\/?page_id=221"},"modified":"2024-04-26T09:57:46","modified_gmt":"2024-04-26T09:57:46","slug":"arajanlat-keres","status":"publish","type":"page","link":"https:\/\/epcnyomda.hu\/en\/arajanlat-keres\/","title":{"rendered":"Request a quotation"},"content":{"rendered":"<p>[vc_row css=&#8221;.vc_custom_1670845031608{margin-top: 75px !important;}&#8221;][vc_column][vc_column_text]<strong>Request for quotation<\/strong><\/p>\n<p>Request a quote and our colleagues will contact you soon![\/vc_column_text]<div role=\"form\" class=\"wpcf7\" id=\"wpcf7-f4-o2\" lang=\"hu-HU\" dir=\"ltr\">\n<div class=\"screen-reader-response\"><p role=\"status\" aria-live=\"polite\" aria-atomic=\"true\"><\/p> <ul><\/ul><\/div>\n<form action=\"\/en\/wp-json\/wp\/v2\/pages\/221#wpcf7-f4-o2\" method=\"post\" class=\"wpcf7-form init\" novalidate=\"novalidate\" data-status=\"init\">\n<div style=\"display: none;\">\n<input type=\"hidden\" name=\"_wpcf7\" value=\"4\" \/>\n<input type=\"hidden\" name=\"_wpcf7_version\" value=\"5.6.4\" \/>\n<input type=\"hidden\" name=\"_wpcf7_locale\" value=\"hu_HU\" \/>\n<input type=\"hidden\" name=\"_wpcf7_unit_tag\" value=\"wpcf7-f4-o2\" \/>\n<input type=\"hidden\" name=\"_wpcf7_container_post\" value=\"0\" \/>\n<input type=\"hidden\" name=\"_wpcf7_posted_data_hash\" value=\"\" \/>\n<input type=\"hidden\" name=\"_wpcf7_recaptcha_response\" value=\"\" \/>\n<\/div>\n<p><b>Contact details<\/b><\/p>\n<p><span class=\"wpcf7-form-control-wrap\" data-name=\"cegnev\"><input type=\"text\" name=\"cegnev\" value=\"\" size=\"40\" class=\"wpcf7-form-control wpcf7-text wpcf7-validates-as-required\" aria-required=\"true\" aria-invalid=\"false\" placeholder=\"Company\" \/><\/span> <span class=\"wpcf7-form-control-wrap\" data-name=\"nev\"><input type=\"text\" name=\"nev\" value=\"\" size=\"40\" class=\"wpcf7-form-control wpcf7-text wpcf7-validates-as-required\" aria-required=\"true\" aria-invalid=\"false\" placeholder=\"Name\" \/><\/span> <span class=\"wpcf7-form-control-wrap\" data-name=\"tel\"><input type=\"tel\" name=\"tel\" value=\"\" size=\"40\" class=\"wpcf7-form-control wpcf7-text wpcf7-tel wpcf7-validates-as-required wpcf7-validates-as-tel\" aria-required=\"true\" aria-invalid=\"false\" placeholder=\"Phone number\" \/><\/span> <span class=\"wpcf7-form-control-wrap\" data-name=\"email\"><input type=\"email\" name=\"email\" value=\"\" size=\"40\" class=\"wpcf7-form-control wpcf7-text wpcf7-email wpcf7-validates-as-required wpcf7-validates-as-email\" aria-required=\"true\" aria-invalid=\"false\" placeholder=\"Email\" \/><\/span><\/p>\n<p><span class=\"wpcf7-form-control-wrap\" data-name=\"textarea\"><textarea name=\"textarea\" cols=\"40\" rows=\"10\" class=\"wpcf7-form-control wpcf7-textarea\" aria-invalid=\"false\" placeholder=\"Please tell us what you need.\"><\/textarea><\/span><\/p>\n<p><span class=\"wpcf7-form-control-wrap\" data-name=\"acceptance-517\"><span class=\"wpcf7-form-control wpcf7-acceptance\"><span class=\"wpcf7-list-item\"><label><input type=\"checkbox\" name=\"acceptance-517\" value=\"1\" aria-invalid=\"false\" \/><span class=\"wpcf7-list-item-label\">I have read and accept the <a href=\"https:\/\/epcnyomda.hu\/wp-content\/uploads\/2022\/09\/EPC-Adatkezeles.pdf\" target=\"_blank\" style=\"font-weight:500;\">privacy notice<\/a>.<\/span><\/label><\/span><\/span><\/span><\/p>\n<p><span class=\"wpcf7-form-control-wrap\" data-name=\"acceptance-518\"><span class=\"wpcf7-form-control wpcf7-acceptance\"><span class=\"wpcf7-list-item\"><label><input type=\"checkbox\" name=\"acceptance-518\" value=\"1\" aria-invalid=\"false\" \/><span class=\"wpcf7-list-item-label\">I have read and accept the <a href=\"https:\/\/epcnyomda.hu\/wp-content\/uploads\/2023\/03\/epc-aszf.pdf\" target=\"_blank\" style=\"font-weight:500;\">General Terms and Conditions<\/a>.<\/span><\/label><\/span><\/span><\/span><\/p>\n<span class=\"wpcf7-form-control-wrap recaptcha\" data-name=\"recaptcha\"><span data-sitekey=\"6LcegvYiAAAAACBJPu3fRpcc_6KWNvouM_o60CAP\" class=\"wpcf7-form-control g-recaptcha wpcf7-recaptcha\"><\/span>\r\n<noscript>\r\n\t<div class=\"grecaptcha-noscript\">\r\n\t\t<iframe loading=\"lazy\" src=\"https:\/\/www.google.com\/recaptcha\/api\/fallback?k=6LcegvYiAAAAACBJPu3fRpcc_6KWNvouM_o60CAP\" frameborder=\"0\" scrolling=\"no\" width=\"310\" height=\"430\">\r\n\t\t<\/iframe>\r\n\t\t<textarea name=\"g-recaptcha-response\" rows=\"3\" cols=\"40\" placeholder=\"reCaptcha Response Here\">\r\n\t\t<\/textarea>\r\n\t<\/div>\r\n<\/noscript>\r\n<\/span>\n<p><br><p class=\"dscf7captcha\"><input name=\"dscf7_hidden_val1-dscf7captcha-189\" id=\"dscf7_hidden_val1-dscf7captcha-189\" type=\"hidden\" value=\"6\" \/><input name=\"dscf7_hidden_val2-dscf7captcha-189\" id=\"dscf7_hidden_val2-dscf7captcha-189\" type=\"hidden\" value=\"4\" \/><input name=\"dscf7_hidden_action-dscf7captcha-189\" id=\"dscf7_hidden_action-dscf7captcha-189\" type=\"hidden\" value=\"+\" \/>What is <span class=\"cf7as-firstAct\">4<\/span> +<span class=\"cf7as-firstAct\"> 6<\/span> ? <a href=\"javascript:void(0)\" id=dscf7captcha-189 class=\"dscf7_refresh_captcha\"><img decoding=\"async\" class=\"dscf7_captcha_icon\" src=\"https:\/\/epcnyomda.hu\/wp-content\/plugins\/ds-cf7-math-captcha\/assets\/img\/icons8-refresh-30.png\"\/><img decoding=\"async\" class=\"dscf7_captcha_reload_icon\" src=\"https:\/\/epcnyomda.hu\/wp-content\/plugins\/ds-cf7-math-captcha\/assets\/img\/446bcd468478f5bfb7b4e5c804571392_w200.gif\" style=\"display:none; width:30px\" \/><\/a><br><span class=\"wpcf7-form-control-wrap dscf7captcha-189\"> <input type=\"text\" aria-invalid=\"false\" aria-required=\"true\" class=\"wpcf7-form-control wpcf7-text wpcf7-validates-as-required\" size=\"5\" value=\"\" name=\"dscf7captcha-189\" placeholder=\"Type your answer\" style=\"width:200px;margin-bottom:10px;\" oninput=\"this.value = this.value.replace(\/[^0-9.]\/g, '').replace(\/(\\..*)\\.\/g, '$1');\"><\/span><\/p><\/p>\n<p><input type=\"submit\" value=\"Send\" class=\"wpcf7-form-control has-spinner wpcf7-submit\" \/><\/p>\n<span class=\"wpcf7-form-control-wrap recaptcha\" data-name=\"recaptcha\"><span data-sitekey=\"6LcegvYiAAAAACBJPu3fRpcc_6KWNvouM_o60CAP\" class=\"wpcf7-form-control g-recaptcha wpcf7-recaptcha\"><\/span>\r\n<noscript>\r\n\t<div class=\"grecaptcha-noscript\">\r\n\t\t<iframe loading=\"lazy\" src=\"https:\/\/www.google.com\/recaptcha\/api\/fallback?k=6LcegvYiAAAAACBJPu3fRpcc_6KWNvouM_o60CAP\" frameborder=\"0\" scrolling=\"no\" width=\"310\" height=\"430\">\r\n\t\t<\/iframe>\r\n\t\t<textarea name=\"g-recaptcha-response\" rows=\"3\" cols=\"40\" placeholder=\"reCaptcha Response Here\">\r\n\t\t<\/textarea>\r\n\t<\/div>\r\n<\/noscript>\r\n<\/span>\n<div class=\"wpcf7-response-output\" aria-hidden=\"true\"><\/div><\/form><\/div>[\/vc_column][\/vc_row][vc_row][vc_column][vc_zigzag color=&#8221;custom&#8221; el_border_width=&#8221;10&#8243; custom_color=&#8221;#c1171c&#8221;][\/vc_column][\/vc_row][vc_row css=&#8221;.vc_custom_1670844909639{margin-top: 35px !important;}&#8221; el_id=&#8221;anyagleadasisegedlet&#8221;][vc_column][vc_column_text]<strong>Anything for sale Help<\/strong>[\/vc_column_text][vc_column_text]As a general rule, the materials to be manufactured should be min. As a general rule, as a rule, please submit in 300 dpi resolution, with 3-3 mm overfill in the round for runways, in CMYK colour mode for 4-colour prints, with a cut mark, in PDF X1\/A file format.<\/p>\n<p>Exact die-cutting, embossing and embossing die prices can only be calculated on the basis of the PDF file submitted.<\/p>\n<p>Materials submitted before 10 a.m. can be put into production the same day, materials submitted after this time will only be processed the following day and the deadline will be extended by one day. Digital proof on request in A\/4 size: 3500 Ft\/each + VAT.[\/vc_column_text][vc_column_text]For orders below 200.000 HUF net, we charge 5000 HUF + VAT for delivery to your home in Budapest. We can arrange rural deliveries with external suppliers, either in small quantities or in pallets at favourable prices.[\/vc_column_text][vc_column_text el_class=&#8221;szallitas&#8221;]<\/p>\n<blockquote><p>You can request a quote and make an appointment with colleagues for the required delivery.<\/p>\n<p><strong>Zsolt M\u00e9sz\u00e1ros<\/strong><br \/>\nLogistics manager<\/p>\n<p>Email: <a href=\"mailto:szallitas@epcnyomda.hu\">szallitas@epcnyomda.hu<\/a><br \/>\nPhone number: <a href=\"tel:+36206615595\">+36 20 661 5595<\/a><\/p><\/blockquote>\n<p>[\/vc_column_text][\/vc_column][\/vc_row][vc_row][vc_column][vc_zigzag color=&#8221;custom&#8221; el_border_width=&#8221;10&#8243; custom_color=&#8221;#c1171c&#8221;][\/vc_column][\/vc_row][vc_row css=&#8221;.vc_custom_1670844892019{margin-top: 35px !important;}&#8221; el_id=&#8221;termekdij&#8221;][vc_column width=&#8221;2\/3&#8243;][vc_column_text]<strong>The commitment price does not include the product fee.<\/strong>[\/vc_column_text][vc_column_text]The cost of the product fee is HUF 85\/kg for advertising paper, charged for all products containing more than 50% of economic advertising per printed surface.<\/p>\n<p>The product charge for packaging and office paper is 19 Ft\/kg, the first is charged for various types of packaging, boxes, self-adhesive labels, CD and DVD cases, digipacks, the second is charged for products that are generally written on or filled in afterwards &#8211; these can be register pages, notebooks, writing pads, self-transcribing office stationery and folders that contain less than 50% commercial advertising.<\/p>\n<p>The charge for advertising paper is subject to a declaration, there is no declaration for the product charge for wrapping and office paper, which must be automatically charged to the printing works as a liability, declared as taxes and paid to the public treasury.[\/vc_column_text][\/vc_column][vc_column width=&#8221;1\/3&#8243;][vc_column_text el_class=&#8221;info&#8221;]<\/p>\n<blockquote><p>If you do not have an order-related or permanent product fee declaration with us, please download the required declaration at the same time as placing your order from the following options, and return it duly completed and signed by the company, underlining the relevant section.<\/p><\/blockquote>\n<p><strong>If we do not receive a declaration, the product charge will be automatically charged as a separate line item on the invoice.<\/strong>[\/vc_column_text][vc_column_text el_class=&#8221;nyilatkozatok&#8221;]<b>Statements:<\/b><\/p>\n<ul>\n<li><a href=\"https:\/\/epcnyomda.hu\/wp-content\/uploads\/2022\/12\/eseti_termekdij_nyilatkozat-_NEM_REKLAMHORDOZO_2022.pdf\" target=\"_blank\" rel=\"noopener\">Eseti term\u00e9kd\u00edj nyilatkozat<\/a><\/li>\n<li><a href=\"https:\/\/epcnyomda.hu\/wp-content\/uploads\/2022\/12\/allando_termekdij_nyilatkozat_NEM_REKLAMHORDOZO_2022_ceg.pdf\" target=\"_blank\" rel=\"noopener\">\u00c1lland\u00f3, megrendel\u0151re vonatkoz\u00f3 term\u00e9kd\u00edj nyilatkozat, ami minden munk\u00e1ra kiterjed<\/a><\/li>\n<li><a href=\"https:\/\/epcnyomda.hu\/wp-content\/uploads\/2022\/12\/allando_termekdij_nyilatkozat_NEM_REKLAMHORDOZO_2022_termek.pdf\" target=\"_blank\" rel=\"noopener\">\u00c1lland\u00f3, term\u00e9kre vonatkoz\u00f3 term\u00e9kd\u00edj nyilatkozat, ami egy term\u00e9k \u00fajragy\u00e1rt\u00e1saira is vonatkozik<\/a><\/li>\n<\/ul>\n<p>[\/vc_column_text][\/vc_column][\/vc_row]<\/p>","protected":false},"excerpt":{"rendered":"<p>[vc_row css=&#8221;.vc_custom_1670845031608{margin-top: 75px !important;}&#8221;][vc_column][vc_column_text]Request for quotation Request a quote and our colleagues will contact you soon![\/vc_column_text][\/vc_column][\/vc_row][vc_row][vc_column][vc_zigzag color=&#8221;custom&#8221; el_border_width=&#8221;10&#8243; custom_color=&#8221;#c1171c&#8221;][\/vc_column][\/vc_row][vc_row css=&#8221;.vc_custom_1670844909639{margin-top: 35px !important;}&#8221; el_id=&#8221;anyagleadasisegedlet&#8221;][vc_column][vc_column_text]Anything for sale Help[\/vc_column_text][vc_column_text]As a general rule, the materials to be manufactured should be min. As a general rule, as a rule, please submit in 300 dpi resolution, with 3-3 mm overfill in&hellip;<\/p>\n","protected":false},"author":1,"featured_media":0,"parent":0,"menu_order":0,"comment_status":"closed","ping_status":"closed","template":"","meta":{"footnotes":""},"class_list":["post-221","page","type-page","status-publish","hentry"],"acf":[],"yoast_head":"<!-- This site is optimized with the Yoast SEO plugin v19.10 - https:\/\/yoast.com\/wordpress\/plugins\/seo\/ -->\n<title>Request a quotation - EPC Nyomda<\/title>\n<meta name=\"robots\" content=\"index, follow, max-snippet:-1, max-image-preview:large, max-video-preview:-1\" \/>\n<link rel=\"canonical\" href=\"https:\/\/epcnyomda.hu\/arajanlat-keres\/\" \/>\n<meta property=\"og:locale\" content=\"en_US\" \/>\n<meta property=\"og:type\" content=\"article\" \/>\n<meta property=\"og:title\" content=\"[:hu]\u00c1raj\u00e1nlat k\u00e9r\u00e9s[:en]Request a quotation[:] - EPC Nyomda\" \/>\n<meta property=\"og:description\" content=\"[vc_row css=&#8221;.vc_custom_1670845031608{margin-top: 75px !important;}&#8221;][vc_column][vc_column_text]Request for quotation Request a quote and our colleagues will contact you soon![\/vc_column_text][\/vc_column][\/vc_row][vc_row][vc_column][vc_zigzag color=&#8221;custom&#8221; el_border_width=&#8221;10&#8243; custom_color=&#8221;#c1171c&#8221;][\/vc_column][\/vc_row][vc_row css=&#8221;.vc_custom_1670844909639{margin-top: 35px !important;}&#8221; el_id=&#8221;anyagleadasisegedlet&#8221;][vc_column][vc_column_text]Anything for sale Help[\/vc_column_text][vc_column_text]As a general rule, the materials to be manufactured should be min. As a general rule, as a rule, please submit in 300 dpi resolution, with 3-3 mm overfill in&hellip;\" \/>\n<meta property=\"og:url\" content=\"https:\/\/epcnyomda.hu\/arajanlat-keres\/\" \/>\n<meta property=\"og:site_name\" content=\"EPC Nyomda\" \/>\n<meta property=\"article:modified_time\" content=\"2024-04-26T09:57:46+00:00\" \/>\n<meta name=\"twitter:card\" content=\"summary_large_image\" \/>\n<meta name=\"twitter:label1\" content=\"Est. reading time\" \/>\n\t<meta name=\"twitter:data1\" content=\"4 minutes\" \/>\n<script type=\"application\/ld+json\" class=\"yoast-schema-graph\">{\"@context\":\"https:\/\/schema.org\",\"@graph\":[{\"@type\":\"WebPage\",\"@id\":\"https:\/\/epcnyomda.hu\/arajanlat-keres\/\",\"url\":\"https:\/\/epcnyomda.hu\/arajanlat-keres\/\",\"name\":\"[:hu]\u00c1raj\u00e1nlat k\u00e9r\u00e9s[:en]Request a quotation[:] - EPC Nyomda\",\"isPartOf\":{\"@id\":\"https:\/\/epcnyomda.hu\/#website\"},\"datePublished\":\"2021-06-29T18:33:11+00:00\",\"dateModified\":\"2024-04-26T09:57:46+00:00\",\"inLanguage\":\"en-US\",\"potentialAction\":[{\"@type\":\"ReadAction\",\"target\":[\"https:\/\/epcnyomda.hu\/arajanlat-keres\/\"]}]},{\"@type\":\"WebSite\",\"@id\":\"https:\/\/epcnyomda.hu\/#website\",\"url\":\"https:\/\/epcnyomda.hu\/\",\"name\":\"EPC Nyomda\",\"description\":\"A Te nyomd\u00e1d!\",\"potentialAction\":[{\"@type\":\"SearchAction\",\"target\":{\"@type\":\"EntryPoint\",\"urlTemplate\":\"https:\/\/epcnyomda.hu\/?s={search_term_string}\"},\"query-input\":\"required name=search_term_string\"}],\"inLanguage\":\"en-US\"}]}<\/script>\n<!-- \/ Yoast SEO plugin. -->","yoast_head_json":{"title":"[:hu]\u00c1raj\u00e1nlat k\u00e9r\u00e9s[:en]Request a quotation[:] - EPC Nyomda","robots":{"index":"index","follow":"follow","max-snippet":"max-snippet:-1","max-image-preview":"max-image-preview:large","max-video-preview":"max-video-preview:-1"},"canonical":"https:\/\/epcnyomda.hu\/arajanlat-keres\/","og_locale":"en_US","og_type":"article","og_title":"[:hu]\u00c1raj\u00e1nlat k\u00e9r\u00e9s[:en]Request a quotation[:] - EPC Nyomda","og_description":"[vc_row css=&#8221;.vc_custom_1670845031608{margin-top: 75px !important;}&#8221;][vc_column][vc_column_text]Request for quotation Request a quote and our colleagues will contact you soon![\/vc_column_text][\/vc_column][\/vc_row][vc_row][vc_column][vc_zigzag color=&#8221;custom&#8221; el_border_width=&#8221;10&#8243; custom_color=&#8221;#c1171c&#8221;][\/vc_column][\/vc_row][vc_row css=&#8221;.vc_custom_1670844909639{margin-top: 35px !important;}&#8221; el_id=&#8221;anyagleadasisegedlet&#8221;][vc_column][vc_column_text]Anything for sale Help[\/vc_column_text][vc_column_text]As a general rule, the materials to be manufactured should be min. As a general rule, as a rule, please submit in 300 dpi resolution, with 3-3 mm overfill in&hellip;","og_url":"https:\/\/epcnyomda.hu\/arajanlat-keres\/","og_site_name":"EPC Nyomda","article_modified_time":"2024-04-26T09:57:46+00:00","twitter_card":"summary_large_image","twitter_misc":{"Est. reading time":"4 minutes"},"schema":{"@context":"https:\/\/schema.org","@graph":[{"@type":"WebPage","@id":"https:\/\/epcnyomda.hu\/arajanlat-keres\/","url":"https:\/\/epcnyomda.hu\/arajanlat-keres\/","name":"[:hu]\u00c1raj\u00e1nlat k\u00e9r\u00e9s[:en]Request a quotation[:] - EPC Nyomda","isPartOf":{"@id":"https:\/\/epcnyomda.hu\/#website"},"datePublished":"2021-06-29T18:33:11+00:00","dateModified":"2024-04-26T09:57:46+00:00","inLanguage":"en-US","potentialAction":[{"@type":"ReadAction","target":["https:\/\/epcnyomda.hu\/arajanlat-keres\/"]}]},{"@type":"WebSite","@id":"https:\/\/epcnyomda.hu\/#website","url":"https:\/\/epcnyomda.hu\/","name":"EPC Nyomda","description":"A Te nyomd\u00e1d!","potentialAction":[{"@type":"SearchAction","target":{"@type":"EntryPoint","urlTemplate":"https:\/\/epcnyomda.hu\/?s={search_term_string}"},"query-input":"required name=search_term_string"}],"inLanguage":"en-US"}]}},"_links":{"self":[{"href":"https:\/\/epcnyomda.hu\/en\/wp-json\/wp\/v2\/pages\/221","targetHints":{"allow":["GET"]}}],"collection":[{"href":"https:\/\/epcnyomda.hu\/en\/wp-json\/wp\/v2\/pages"}],"about":[{"href":"https:\/\/epcnyomda.hu\/en\/wp-json\/wp\/v2\/types\/page"}],"author":[{"embeddable":true,"href":"https:\/\/epcnyomda.hu\/en\/wp-json\/wp\/v2\/users\/1"}],"replies":[{"embeddable":true,"href":"https:\/\/epcnyomda.hu\/en\/wp-json\/wp\/v2\/comments?post=221"}],"version-history":[{"count":52,"href":"https:\/\/epcnyomda.hu\/en\/wp-json\/wp\/v2\/pages\/221\/revisions"}],"predecessor-version":[{"id":793,"href":"https:\/\/epcnyomda.hu\/en\/wp-json\/wp\/v2\/pages\/221\/revisions\/793"}],"wp:attachment":[{"href":"https:\/\/epcnyomda.hu\/en\/wp-json\/wp\/v2\/media?parent=221"}],"curies":[{"name":"wp","href":"https:\/\/api.w.org\/{rel}","templated":true}]}}